{"id":5967,"date":"2026-04-05T16:39:34","date_gmt":"2026-04-05T14:39:34","guid":{"rendered":"https:\/\/jmicomputer.blog\/producto\/nuevo-launch-creader-319-multimarca\/"},"modified":"2026-04-05T17:11:05","modified_gmt":"2026-04-05T15:11:05","slug":"nuevo-launch-creader-319-multimarca","status":"publish","type":"product","link":"https:\/\/jmicomputer.blog\/es_es\/producto\/nuevo-launch-creader-319-multimarca\/","title":{"rendered":"NUEVO LAUNCH CREADER 319 MULTIMARCA"},"content":{"rendered":"<p>El equipo Launch Creader 319\u00a0 est\u00e1 preparado para diagnosticar los sistemas de \u00faltima generaci\u00f3n con un \u00fanico conector OBD2.La comunicaci\u00f3n con el veh\u00edculo es por cable siendo su ritmo de trabajo m\u00e1s r\u00e1pido que otros equipos de diagnosis.Dispone de las marcas de veh\u00edculos m\u00e1s importantes, europeas, asi\u00e1ticas y americanas, juntocon todo el potencial del software de diagnosis de LAUNCH.Acepta a mayor\u00eda de coches y camiones ligeros a partir del a\u00f1o 1996. Protocolos\u00a0\u00a0KWP2000, ISO9141, J1850 VPW, J1850 PWM y\u00a0 CANIdioma Espa\u00f1ol, La alimentaci\u00f3n la obtiene directamente del veh\u00edculo, por lo que no hay que preocuparse de cargar bater\u00edas.\u00a0Permite lectura y borrado de fallos, medici\u00f3n de sensores, gr\u00e1ficas y grabado de pruebas.Actualizaciones gratuitas de por vida mediante la web del fabricante y el cable Usb que incluye el set.Funciones:Comunica con todos los protocolos OBDII y Can.Lectura y completo borrado de fallos de motorLectura m\u00e9trica y gr\u00e1fica de sensores en tiempo realTest para sensores de O2Identificaci\u00f3n del n\u00famero VIMMonitoriza voltaje de la bater\u00eda en tiempo realMultilenguaje, Espa\u00f1ol, Ingl\u00e9s y Franc\u00e9sActualizaciones gratuitas mediante internet (USB 2.0)Permite guardar, y grabar datos en tiempo real.Especificaciones t\u00e9cnicas:\u00a0<br \/>\nPantalla: 2.4 TFT, 176*220\u00a0<br \/>\nVoltaje 9-18V\u00a0<br \/>\nPotencia: 100mA 12V\u00a0<br \/>\nConsumo: 1.2W\u00a0<br \/>\nConector: Standard OBD-16 DLC\u00a0<br \/>\nTemperatura de funcionamiento:0~ 50\u00a0\u00a0<br \/>\nTama\u00f1o:120mm*75mm*20 mm (L x W x H)\u00a0<br \/>\nPeso:< 200g\u00a0\u00a0\u00a0\u00bfPor qu\u00e9 comprar su equipo Launch en Jmicomputer Blog?Equipos Launch originales y garantizadosEnv\u00edo r\u00e1pido y seguroM\u00e9todos de pago seguros\n<\/p>\n","protected":false},"excerpt":{"rendered":"<p>Equipo multimarca Launch Creader 319 Original y en Espa\u00f1ol. Equipo peque\u00f1o y compacto para su f\u00e1cil transporte. Ideal para particulares y aficionados a la mec\u00e1nica.<\/p>\n","protected":false},"featured_media":6007,"template":"","meta":{"_acf_changed":false,"_joinchat":[]},"product_brand":[1285],"product_cat":[1278],"product_tag":[1279],"class_list":{"0":"post-5967","1":"product","2":"type-product","3":"status-publish","4":"has-post-thumbnail","6":"product_brand-launch","7":"product_cat-multimarca-2","8":"product_tag-diagnosis-multimarca","10":"first","11":"instock","12":"taxable","13":"shipping-taxable","14":"purchasable","15":"product-type-simple"},"acf":[],"yoast_head":"<!-- This site is optimized with the Yoast SEO plugin v27.4 - https:\/\/yoast.com\/product\/yoast-seo-wordpress\/ -->\n<title>NUEVO LAUNCH CREADER 319 MULTIMARCA<\/title>\n<meta name=\"description\" content=\"NUEVO LAUNCH CREADER 319 MULTIMARCA Diagnostico y Reprogramaci\u00f3n ECU - Stage 1 Ecu Files - Chiptuning Files\" \/>\n<meta name=\"robots\" content=\"index, follow, max-snippet:-1, max-image-preview:large, max-video-preview:-1\" \/>\n<link rel=\"canonical\" href=\"https:\/\/jmicomputer.blog\/es_es\/product\/nuevo-launch-creader-319-multimarca\/\" \/>\n<meta property=\"og:locale\" content=\"es_ES\" \/>\n<meta property=\"og:type\" content=\"article\" \/>\n<meta property=\"og:title\" content=\"NUEVO LAUNCH CREADER 319 MULTIMARCA\" \/>\n<meta property=\"og:description\" content=\"NUEVO LAUNCH CREADER 319 MULTIMARCA Diagnostico y Reprogramaci\u00f3n ECU - Stage 1 Ecu Files - Chiptuning Files\" \/>\n<meta property=\"og:url\" content=\"https:\/\/jmicomputer.blog\/es_es\/product\/nuevo-launch-creader-319-multimarca\/\" \/>\n<meta property=\"og:site_name\" content=\"Jmicomputer Diagnosis\" \/>\n<meta property=\"article:publisher\" content=\"https:\/\/www.facebook.com\/jmicomputer.blog\" \/>\n<meta property=\"article:modified_time\" content=\"2026-04-05T15:11:05+00:00\" \/>\n<meta property=\"og:image\" content=\"https:\/\/jmicomputer.blog\/wp-content\/uploads\/2026\/04\/comprar-launch-creader-319-1.jpg\" \/>\n\t<meta property=\"og:image:width\" content=\"264\" \/>\n\t<meta property=\"og:image:height\" content=\"264\" \/>\n\t<meta property=\"og:image:type\" content=\"image\/jpeg\" \/>\n<meta name=\"twitter:card\" content=\"summary_large_image\" \/>\n<meta name=\"twitter:label1\" content=\"Tiempo de lectura\" \/>\n\t<meta name=\"twitter:data1\" content=\"1 minuto\" \/>\n<script type=\"application\/ld+json\" class=\"yoast-schema-graph\">{\"@context\":\"https:\\\/\\\/schema.org\",\"@graph\":[{\"@type\":\"WebPage\",\"@id\":\"https:\\\/\\\/jmicomputer.blog\\\/en\\\/product\\\/nuevo-launch-creader-319-multimarca\\\/\",\"url\":\"https:\\\/\\\/jmicomputer.blog\\\/en\\\/product\\\/nuevo-launch-creader-319-multimarca\\\/\",\"name\":\"NUEVO LAUNCH CREADER 319 MULTIMARCA\",\"isPartOf\":{\"@id\":\"https:\\\/\\\/jmicomputer.blog\\\/#website\"},\"primaryImageOfPage\":{\"@id\":\"https:\\\/\\\/jmicomputer.blog\\\/en\\\/product\\\/nuevo-launch-creader-319-multimarca\\\/#primaryimage\"},\"image\":{\"@id\":\"https:\\\/\\\/jmicomputer.blog\\\/en\\\/product\\\/nuevo-launch-creader-319-multimarca\\\/#primaryimage\"},\"thumbnailUrl\":\"https:\\\/\\\/jmicomputer.blog\\\/wp-content\\\/uploads\\\/2026\\\/04\\\/comprar-launch-creader-319-1.jpg\",\"datePublished\":\"2026-04-05T14:39:34+00:00\",\"dateModified\":\"2026-04-05T15:11:05+00:00\",\"description\":\"NUEVO LAUNCH CREADER 319 MULTIMARCA Diagnostico y Reprogramaci\u00f3n ECU - Stage 1 Ecu Files - Chiptuning Files\",\"breadcrumb\":{\"@id\":\"https:\\\/\\\/jmicomputer.blog\\\/en\\\/product\\\/nuevo-launch-creader-319-multimarca\\\/#breadcrumb\"},\"inLanguage\":\"es\",\"potentialAction\":[{\"@type\":\"ReadAction\",\"target\":[\"https:\\\/\\\/jmicomputer.blog\\\/en\\\/product\\\/nuevo-launch-creader-319-multimarca\\\/\"]}]},{\"@type\":\"ImageObject\",\"inLanguage\":\"es\",\"@id\":\"https:\\\/\\\/jmicomputer.blog\\\/en\\\/product\\\/nuevo-launch-creader-319-multimarca\\\/#primaryimage\",\"url\":\"https:\\\/\\\/jmicomputer.blog\\\/wp-content\\\/uploads\\\/2026\\\/04\\\/comprar-launch-creader-319-1.jpg\",\"contentUrl\":\"https:\\\/\\\/jmicomputer.blog\\\/wp-content\\\/uploads\\\/2026\\\/04\\\/comprar-launch-creader-319-1.jpg\",\"width\":264,\"height\":264},{\"@type\":\"BreadcrumbList\",\"@id\":\"https:\\\/\\\/jmicomputer.blog\\\/en\\\/product\\\/nuevo-launch-creader-319-multimarca\\\/#breadcrumb\",\"itemListElement\":[{\"@type\":\"ListItem\",\"position\":1,\"name\":\"Portada\",\"item\":\"https:\\\/\\\/jmicomputer.blog\\\/\"},{\"@type\":\"ListItem\",\"position\":2,\"name\":\"Tienda Diagnosis Stage 1 Ecu Files\",\"item\":\"https:\\\/\\\/jmicomputer.blog\\\/\"},{\"@type\":\"ListItem\",\"position\":3,\"name\":\"NUEVO LAUNCH CREADER 319 MULTIMARCA\"}]},{\"@type\":\"WebSite\",\"@id\":\"https:\\\/\\\/jmicomputer.blog\\\/#website\",\"url\":\"https:\\\/\\\/jmicomputer.blog\\\/\",\"name\":\"jmicomputer.blog\",\"description\":\"Diagnostico y Reprogramaci\u00f3n ECU - Stage 1 Ecu Files - Chiptuning Files\",\"publisher\":{\"@id\":\"https:\\\/\\\/jmicomputer.blog\\\/#organization\"},\"alternateName\":\"Jmi Diagnosis\",\"potentialAction\":[{\"@type\":\"SearchAction\",\"target\":{\"@type\":\"EntryPoint\",\"urlTemplate\":\"https:\\\/\\\/jmicomputer.blog\\\/?s={search_term_string}\"},\"query-input\":{\"@type\":\"PropertyValueSpecification\",\"valueRequired\":true,\"valueName\":\"search_term_string\"}}],\"inLanguage\":\"es\"},{\"@type\":\"Organization\",\"@id\":\"https:\\\/\\\/jmicomputer.blog\\\/#organization\",\"name\":\"jmicomputer.blog\",\"alternateName\":\"Jmicomputer\",\"url\":\"https:\\\/\\\/jmicomputer.blog\\\/\",\"logo\":{\"@type\":\"ImageObject\",\"inLanguage\":\"es\",\"@id\":\"https:\\\/\\\/jmicomputer.blog\\\/#\\\/schema\\\/logo\\\/image\\\/\",\"url\":\"https:\\\/\\\/jmicomputer.blog\\\/wp-content\\\/uploads\\\/2026\\\/03\\\/cropped-Gemini_Generated_Image_i1mj0ki1mj0ki1mj-1.webp\",\"contentUrl\":\"https:\\\/\\\/jmicomputer.blog\\\/wp-content\\\/uploads\\\/2026\\\/03\\\/cropped-Gemini_Generated_Image_i1mj0ki1mj0ki1mj-1.webp\",\"width\":512,\"height\":512,\"caption\":\"jmicomputer.blog\"},\"image\":{\"@id\":\"https:\\\/\\\/jmicomputer.blog\\\/#\\\/schema\\\/logo\\\/image\\\/\"},\"sameAs\":[\"https:\\\/\\\/www.facebook.com\\\/jmicomputer.blog\"]}]}<\/script>\n<!-- \/ Yoast SEO plugin. -->","yoast_head_json":{"title":"NUEVO LAUNCH CREADER 319 MULTIMARCA","description":"NUEVO LAUNCH CREADER 319 MULTIMARCA Diagnostico y Reprogramaci\u00f3n ECU - Stage 1 Ecu Files - Chiptuning Files","robots":{"index":"index","follow":"follow","max-snippet":"max-snippet:-1","max-image-preview":"max-image-preview:large","max-video-preview":"max-video-preview:-1"},"canonical":"https:\/\/jmicomputer.blog\/es_es\/product\/nuevo-launch-creader-319-multimarca\/","og_locale":"es_ES","og_type":"article","og_title":"NUEVO LAUNCH CREADER 319 MULTIMARCA","og_description":"NUEVO LAUNCH CREADER 319 MULTIMARCA Diagnostico y Reprogramaci\u00f3n ECU - Stage 1 Ecu Files - Chiptuning Files","og_url":"https:\/\/jmicomputer.blog\/es_es\/product\/nuevo-launch-creader-319-multimarca\/","og_site_name":"Jmicomputer Diagnosis","article_publisher":"https:\/\/www.facebook.com\/jmicomputer.blog","article_modified_time":"2026-04-05T15:11:05+00:00","og_image":[{"width":264,"height":264,"url":"https:\/\/jmicomputer.blog\/wp-content\/uploads\/2026\/04\/comprar-launch-creader-319-1.jpg","type":"image\/jpeg"}],"twitter_card":"summary_large_image","twitter_misc":{"Tiempo de lectura":"1 minuto"},"schema":{"@context":"https:\/\/schema.org","@graph":[{"@type":"WebPage","@id":"https:\/\/jmicomputer.blog\/en\/product\/nuevo-launch-creader-319-multimarca\/","url":"https:\/\/jmicomputer.blog\/en\/product\/nuevo-launch-creader-319-multimarca\/","name":"NUEVO LAUNCH CREADER 319 MULTIMARCA","isPartOf":{"@id":"https:\/\/jmicomputer.blog\/#website"},"primaryImageOfPage":{"@id":"https:\/\/jmicomputer.blog\/en\/product\/nuevo-launch-creader-319-multimarca\/#primaryimage"},"image":{"@id":"https:\/\/jmicomputer.blog\/en\/product\/nuevo-launch-creader-319-multimarca\/#primaryimage"},"thumbnailUrl":"https:\/\/jmicomputer.blog\/wp-content\/uploads\/2026\/04\/comprar-launch-creader-319-1.jpg","datePublished":"2026-04-05T14:39:34+00:00","dateModified":"2026-04-05T15:11:05+00:00","description":"NUEVO LAUNCH CREADER 319 MULTIMARCA Diagnostico y Reprogramaci\u00f3n ECU - Stage 1 Ecu Files - Chiptuning Files","breadcrumb":{"@id":"https:\/\/jmicomputer.blog\/en\/product\/nuevo-launch-creader-319-multimarca\/#breadcrumb"},"inLanguage":"es","potentialAction":[{"@type":"ReadAction","target":["https:\/\/jmicomputer.blog\/en\/product\/nuevo-launch-creader-319-multimarca\/"]}]},{"@type":"ImageObject","inLanguage":"es","@id":"https:\/\/jmicomputer.blog\/en\/product\/nuevo-launch-creader-319-multimarca\/#primaryimage","url":"https:\/\/jmicomputer.blog\/wp-content\/uploads\/2026\/04\/comprar-launch-creader-319-1.jpg","contentUrl":"https:\/\/jmicomputer.blog\/wp-content\/uploads\/2026\/04\/comprar-launch-creader-319-1.jpg","width":264,"height":264},{"@type":"BreadcrumbList","@id":"https:\/\/jmicomputer.blog\/en\/product\/nuevo-launch-creader-319-multimarca\/#breadcrumb","itemListElement":[{"@type":"ListItem","position":1,"name":"Portada","item":"https:\/\/jmicomputer.blog\/"},{"@type":"ListItem","position":2,"name":"Tienda Diagnosis Stage 1 Ecu Files","item":"https:\/\/jmicomputer.blog\/"},{"@type":"ListItem","position":3,"name":"NUEVO LAUNCH CREADER 319 MULTIMARCA"}]},{"@type":"WebSite","@id":"https:\/\/jmicomputer.blog\/#website","url":"https:\/\/jmicomputer.blog\/","name":"jmicomputer.blog","description":"Diagnostico y Reprogramaci\u00f3n ECU - Stage 1 Ecu Files - Chiptuning Files","publisher":{"@id":"https:\/\/jmicomputer.blog\/#organization"},"alternateName":"Jmi Diagnosis","potentialAction":[{"@type":"SearchAction","target":{"@type":"EntryPoint","urlTemplate":"https:\/\/jmicomputer.blog\/?s={search_term_string}"},"query-input":{"@type":"PropertyValueSpecification","valueRequired":true,"valueName":"search_term_string"}}],"inLanguage":"es"},{"@type":"Organization","@id":"https:\/\/jmicomputer.blog\/#organization","name":"jmicomputer.blog","alternateName":"Jmicomputer","url":"https:\/\/jmicomputer.blog\/","logo":{"@type":"ImageObject","inLanguage":"es","@id":"https:\/\/jmicomputer.blog\/#\/schema\/logo\/image\/","url":"https:\/\/jmicomputer.blog\/wp-content\/uploads\/2026\/03\/cropped-Gemini_Generated_Image_i1mj0ki1mj0ki1mj-1.webp","contentUrl":"https:\/\/jmicomputer.blog\/wp-content\/uploads\/2026\/03\/cropped-Gemini_Generated_Image_i1mj0ki1mj0ki1mj-1.webp","width":512,"height":512,"caption":"jmicomputer.blog"},"image":{"@id":"https:\/\/jmicomputer.blog\/#\/schema\/logo\/image\/"},"sameAs":["https:\/\/www.facebook.com\/jmicomputer.blog"]}]}},"_links":{"self":[{"href":"https:\/\/jmicomputer.blog\/es_es\/wp-json\/wp\/v2\/product\/5967","targetHints":{"allow":["GET"]}}],"collection":[{"href":"https:\/\/jmicomputer.blog\/es_es\/wp-json\/wp\/v2\/product"}],"about":[{"href":"https:\/\/jmicomputer.blog\/es_es\/wp-json\/wp\/v2\/types\/product"}],"wp:featuredmedia":[{"embeddable":true,"href":"https:\/\/jmicomputer.blog\/es_es\/wp-json\/wp\/v2\/media\/6007"}],"wp:attachment":[{"href":"https:\/\/jmicomputer.blog\/es_es\/wp-json\/wp\/v2\/media?parent=5967"}],"wp:term":[{"taxonomy":"product_brand","embeddable":true,"href":"https:\/\/jmicomputer.blog\/es_es\/wp-json\/wp\/v2\/product_brand?post=5967"},{"taxonomy":"product_cat","embeddable":true,"href":"https:\/\/jmicomputer.blog\/es_es\/wp-json\/wp\/v2\/product_cat?post=5967"},{"taxonomy":"product_tag","embeddable":true,"href":"https:\/\/jmicomputer.blog\/es_es\/wp-json\/wp\/v2\/product_tag?post=5967"}],"curies":[{"name":"wp","href":"https:\/\/api.w.org\/{rel}","templated":true}]}}