{"id":5773,"date":"2026-03-23T09:26:24","date_gmt":"2026-03-23T08:26:24","guid":{"rendered":"https:\/\/jmicomputer.blog\/?post_type=product&#038;p=5773"},"modified":"2026-04-06T11:40:39","modified_gmt":"2026-04-06T09:40:39","slug":"autodata-2016-haynespro-vivid-workshop","status":"publish","type":"product","link":"https:\/\/jmicomputer.blog\/es_es\/producto\/autodata-2016-haynespro-vivid-workshop\/","title":{"rendered":"Autodata 2016 HaynesPro Vivid Workshop"},"content":{"rendered":"<p>Autodata 2016 HaynesPro es un programa que detalla diagramas, esquemas e informaci\u00f3n de ajuste de coches hasta 2016.<\/p>\n<p><strong>Se incluye la Versi\u00f3n 2018 virtualidad bajo Virtualbox.<\/strong><\/p>\n<p>Programa activado, no necesita internet.<\/p>\n<p>Incluye asistencia remota para su instalaci\u00f3n.<\/p>\n<div class=\"Y3BBE\" data-sfc-cp=\"\" data-sfc-root=\"c\" data-sfc-cb=\"\" data-hveid=\"CAIQAA\" data-processed=\"true\" data-complete=\"true\">\n<p>La versi\u00f3n\u00a0<strong class=\"Yjhzub\" data-sfc-root=\"c\" data-sfc-cb=\"\" data-complete=\"true\" data-processed=\"true\">HaynesPro WorkshopData 2016<\/strong>\u00a0(frecuentemente asociada a la base de datos\u00a0<em class=\"eujQNb\" data-sfc-root=\"c\" data-sfc-cb=\"\" data-complete=\"true\" data-processed=\"true\">Vivid 2016.01<\/em>\u00a0o\u00a0<em class=\"eujQNb\" data-sfc-root=\"c\" data-sfc-cb=\"\" data-complete=\"true\" data-processed=\"true\">Atris-Technik<\/em>) es una herramienta de informaci\u00f3n t\u00e9cnica para talleres que incluye datos detallados para el mantenimiento y reparaci\u00f3n de veh\u00edculos ligeros, pesados y motocicletas.<span class=\"uJ19be notranslate\" data-sfc-root=\"c\" data-wiz-uids=\"cIkghb_g,cIkghb_h\" data-sfc-cb=\"\" data-complete=\"true\" data-processed=\"true\"><span class=\"vKEkVd\" data-animation-atomic=\"\" data-wiz-attrbind=\"class=cIkghb_f\/TKHnVd\" data-sae=\"\"><span aria-hidden=\"true\">\u00a0<\/span><\/span><\/span><\/p>\n<\/div>\n<div class=\"Y3BBE\" data-sfc-cp=\"\" data-sfc-root=\"c\" data-sfc-cb=\"\" data-hveid=\"CAMQAA\" data-processed=\"true\" data-complete=\"true\">A continuaci\u00f3n se detallan sus caracter\u00edsticas principales organizadas por m\u00f3dulos:<\/div>\n<div class=\"Fsg96\" data-sfc-cp=\"\" data-sfc-root=\"c\" data-sfc-cb=\"\" data-complete=\"true\" data-processed=\"true\"><\/div>\n<div class=\"otQkpb\" role=\"heading\" aria-level=\"3\" data-animation-nesting=\"\" data-sfc-cp=\"\" data-sfc-root=\"c\" data-sfc-cb=\"\" data-complete=\"true\" data-processed=\"true\" data-sae=\"\">Informaci\u00f3n T\u00e9cnica y de Mantenimiento (M\u00f3dulo Tech)<\/div>\n<ul class=\"KsbFXc U6u95\" data-sfc-root=\"c\" data-sfc-cb=\"\" data-complete=\"true\" data-processed=\"true\">\n<li class=\"dF3vjf\" data-sfc-root=\"c\" data-sfc-cb=\"\" data-hveid=\"CAUQAA\" data-complete=\"true\" data-sae=\"\"><span class=\"T286Pc\" data-sfc-cp=\"\" data-sfc-root=\"c\" data-sfc-cb=\"\" data-complete=\"true\"><strong class=\"Yjhzub\" data-sfc-root=\"c\" data-sfc-cb=\"\" data-complete=\"true\">Identificaci\u00f3n del Veh\u00edculo:<\/strong> Permite localizar veh\u00edculos mediante c\u00f3digo de motor o por selecci\u00f3n gr\u00e1fica.<\/span><\/li>\n<li class=\"dF3vjf\" data-sfc-root=\"c\" data-sfc-cb=\"\" data-hveid=\"CAUQAQ\" data-complete=\"true\" data-sae=\"\"><span class=\"T286Pc\" data-sfc-cp=\"\" data-sfc-root=\"c\" data-sfc-cb=\"\" data-complete=\"true\"><strong class=\"Yjhzub\" data-sfc-root=\"c\" data-sfc-cb=\"\" data-complete=\"true\">Planes de Mantenimiento:<\/strong>\u00a0Incluye programas de servicio oficiales (OEM) con tiempos de mano de obra est\u00e1ndar, listas de comprobaci\u00f3n imprimibles y recordatorios de intervalos de servicio.<\/span><\/li>\n<li class=\"dF3vjf\" data-sfc-root=\"c\" data-sfc-cb=\"\" data-hveid=\"CAUQAg\" data-complete=\"true\" data-sae=\"\"><span class=\"T286Pc\" data-sfc-cp=\"\" data-sfc-root=\"c\" data-sfc-cb=\"\" data-complete=\"true\"><strong class=\"Yjhzub\" data-sfc-root=\"c\" data-sfc-cb=\"\" data-complete=\"true\">Datos de Ajuste:<\/strong>\u00a0Especificaciones completas que incluyen desde pares de apriete y orden de encendido hasta emisiones de NOx y dimensiones de frenos.<\/span><\/li>\n<li class=\"dF3vjf\" data-sfc-root=\"c\" data-sfc-cb=\"\" data-hveid=\"CAUQAw\" data-complete=\"true\" data-sae=\"\"><span class=\"T286Pc\" data-sfc-cp=\"\" data-sfc-root=\"c\" data-sfc-cb=\"\" data-complete=\"true\"><strong class=\"Yjhzub\" data-sfc-root=\"c\" data-sfc-cb=\"\" data-complete=\"true\">Lubricantes y Fluidos:<\/strong>\u00a0Cantidades exactas y especificaciones t\u00e9cnicas para aceites de motor, transmisiones y sistemas de refrigeraci\u00f3n.<\/span><\/li>\n<li class=\"dF3vjf\" data-sfc-root=\"c\" data-sfc-cb=\"\" data-hveid=\"CAUQBA\" data-complete=\"true\" data-sae=\"\"><span class=\"T286Pc\" data-sfc-cp=\"\" data-sfc-root=\"c\" data-sfc-cb=\"\" data-complete=\"true\"><strong class=\"Yjhzub\" data-sfc-root=\"c\" data-sfc-cb=\"\" data-complete=\"true\">Manuales de Reparaci\u00f3n:<\/strong>\u00a0Gu\u00edas paso a paso para operaciones comunes como el cambio de correas de distribuci\u00f3n, embragues y desmontaje de paneles de puertas.<\/span><span class=\"uJ19be notranslate\" data-sfc-root=\"c\" data-wiz-uids=\"cIkghb_1b,cIkghb_1c\" data-sfc-cb=\"\" data-complete=\"true\"><span class=\"vKEkVd\" data-animation-atomic=\"\" data-wiz-attrbind=\"class=cIkghb_1a\/TKHnVd\" data-sae=\"\"><span aria-hidden=\"true\">\u00a0<\/span><\/span><\/span><\/li>\n<\/ul>\n<div class=\"Fsg96\" data-sfc-cp=\"\" data-sfc-root=\"c\" data-sfc-cb=\"\" data-complete=\"true\" data-processed=\"true\"><\/div>\n<div class=\"otQkpb\" role=\"heading\" aria-level=\"3\" data-animation-nesting=\"\" data-sfc-cp=\"\" data-sfc-root=\"c\" data-sfc-cb=\"\" data-processed=\"true\" data-sae=\"\" data-complete=\"true\">Electr\u00f3nica y Diagn\u00f3stico (M\u00f3dulo Electronics\/VESA)<span class=\"uJ19be notranslate\" data-sfc-root=\"c\" data-wiz-uids=\"cIkghb_1m,cIkghb_1n\" data-sfc-cb=\"\" data-complete=\"true\"><span class=\"vKEkVd\" data-animation-atomic=\"\" data-wiz-attrbind=\"class=cIkghb_1l\/TKHnVd\" data-sae=\"\"><span aria-hidden=\"true\">\u00a0<\/span><\/span><\/span><\/div>\n<ul class=\"KsbFXc U6u95\" data-sfc-root=\"c\" data-sfc-cb=\"\" data-complete=\"true\" data-processed=\"true\">\n<li class=\"dF3vjf\" data-sfc-root=\"c\" data-sfc-cb=\"\" data-hveid=\"CAcQAA\" data-complete=\"true\" data-sae=\"\"><span class=\"T286Pc\" data-sfc-cp=\"\" data-sfc-root=\"c\" data-sfc-cb=\"\" data-complete=\"true\"><strong class=\"Yjhzub\" data-sfc-root=\"c\" data-sfc-cb=\"\" data-complete=\"true\">Diagramas El\u00e9ctricos:<\/strong>\u00a0Esquemas detallados para sistemas de gesti\u00f3n del motor, ABS, climatizaci\u00f3n y confort, con funciones de zoom y resaltado de cables.<\/span><\/li>\n<li class=\"dF3vjf\" data-sfc-root=\"c\" data-sfc-cb=\"\" data-hveid=\"CAcQAQ\" data-complete=\"true\" data-sae=\"\"><span class=\"T286Pc\" data-sfc-cp=\"\" data-sfc-root=\"c\" data-sfc-cb=\"\" data-complete=\"true\"><strong class=\"Yjhzub\" data-sfc-root=\"c\" data-sfc-cb=\"\" data-complete=\"true\">Ubicaci\u00f3n de Componentes:<\/strong>\u00a0Mapas visuales para encontrar r\u00e1pidamente fusibles, rel\u00e9s, sensores y unidades de control.<\/span><\/li>\n<li class=\"dF3vjf\" data-sfc-root=\"c\" data-sfc-cb=\"\" data-hveid=\"CAcQAg\" data-complete=\"true\" data-sae=\"\"><span class=\"T286Pc\" data-sfc-cp=\"\" data-sfc-root=\"c\" data-sfc-cb=\"\" data-complete=\"true\"><strong class=\"Yjhzub\" data-sfc-root=\"c\" data-sfc-cb=\"\" data-complete=\"true\">Diagn\u00f3stico Guiado (VESA):<\/strong>\u00a0Herramienta que ayuda a los mec\u00e1nicos a diagnosticar c\u00f3digos de error (DTC) analizando datos del sistema CAN-Bus.<\/span><\/li>\n<li class=\"dF3vjf\" data-sfc-root=\"c\" data-sfc-cb=\"\" data-hveid=\"CAcQAw\" data-complete=\"true\" data-sae=\"\"><span class=\"T286Pc\" data-sfc-cp=\"\" data-sfc-root=\"c\" data-sfc-cb=\"\" data-complete=\"true\" aria-owns=\"action-menu-parent-container\"><strong class=\"Yjhzub\" data-sfc-root=\"c\" data-sfc-cb=\"\" data-complete=\"true\">Gesti\u00f3n de Bater\u00edas:<\/strong>\u00a0Procedimientos espec\u00edficos para la desconexi\u00f3n y reconexi\u00f3n de bater\u00edas, crucial en modelos modernos.<\/span><\/li>\n<\/ul>\n","protected":false},"excerpt":{"rendered":"<p>HaynesPro es un programa que detalla diagramas, esquemas e informaci\u00f3n de ajuste de coches hasta 2016.<\/p>\n<p>Se instala en Windows 7 hasta indows 11<\/p>\n<p>Recomendable al menos 4Gb de ram<\/p>\n<p>Incluye: DVD1, DVD5 y Atris Fix para la instalaci\u00f3n<\/p>\n<p><strong>Se incluye la Versi\u00f3n 2018 virtualidad bajo Virtualbox.<\/strong><\/p>\n<p><span style=\"color: #00ff00;\"><strong>Descarga inmediata en email.<\/strong><\/span><\/p>\n","protected":false},"featured_media":5774,"template":"","meta":{"_acf_changed":false,"_joinchat":[]},"product_brand":[],"product_cat":[1162,1247,71,1246,1234,1233,1235,1265,1232,1172],"product_tag":[],"class_list":{"0":"post-5773","1":"product","2":"type-product","3":"status-publish","4":"has-post-thumbnail","6":"product_cat-categoria-principal","7":"product_cat-datos","8":"product_cat-diagnosis","9":"product_cat-esquemas-electricos","10":"product_cat-grupo-psa","11":"product_cat-grupo-vag","12":"product_cat-multimarca","13":"product_cat-opel","14":"product_cat-programas-por-marca","15":"product_cat-reprogramacion","17":"first","18":"instock","19":"downloadable","20":"virtual","21":"taxable","22":"purchasable","23":"product-type-simple"},"acf":[],"yoast_head":"<!-- This site is optimized with the Yoast SEO plugin v27.4 - https:\/\/yoast.com\/product\/yoast-seo-wordpress\/ -->\n<title>Autodata 2016 HaynesPro Vivid Workshop<\/title>\n<meta name=\"description\" content=\"Autodata 2016 HaynesPro Vivid Workshop esquemas e informaci\u00f3n de ajuste de coches hasta 2016 Diagnostico y Reprogramaci\u00f3n ECU - Stage 1 Ecu Files - Chiptuning Files\" \/>\n<meta name=\"robots\" content=\"index, follow, max-snippet:-1, max-image-preview:large, max-video-preview:-1\" \/>\n<link rel=\"canonical\" href=\"https:\/\/jmicomputer.blog\/es_es\/producto\/autodata-2016-haynespro-vivid-workshop\/\" \/>\n<meta property=\"og:locale\" content=\"es_ES\" \/>\n<meta property=\"og:type\" content=\"article\" \/>\n<meta property=\"og:title\" content=\"Autodata 2016 HaynesPro Vivid Workshop\" \/>\n<meta property=\"og:description\" content=\"Autodata 2016 HaynesPro Vivid Workshop esquemas e informaci\u00f3n de ajuste de coches hasta 2016 Diagnostico y Reprogramaci\u00f3n ECU - Stage 1 Ecu Files - Chiptuning Files\" \/>\n<meta property=\"og:url\" content=\"https:\/\/jmicomputer.blog\/es_es\/producto\/autodata-2016-haynespro-vivid-workshop\/\" \/>\n<meta property=\"og:site_name\" content=\"Jmicomputer Diagnosis\" \/>\n<meta property=\"article:publisher\" content=\"https:\/\/www.facebook.com\/jmicomputer.blog\" \/>\n<meta property=\"article:modified_time\" content=\"2026-04-06T09:40:39+00:00\" \/>\n<meta property=\"og:image\" content=\"https:\/\/jmicomputer.blog\/wp-content\/uploads\/2026\/03\/autodata-2016-vivid-workshop.webp\" \/>\n\t<meta property=\"og:image:width\" content=\"381\" \/>\n\t<meta property=\"og:image:height\" content=\"492\" \/>\n\t<meta property=\"og:image:type\" content=\"image\/webp\" \/>\n<meta name=\"twitter:card\" content=\"summary_large_image\" \/>\n<meta name=\"twitter:label1\" content=\"Tiempo de lectura\" \/>\n\t<meta name=\"twitter:data1\" content=\"2 minutos\" \/>\n<script type=\"application\/ld+json\" class=\"yoast-schema-graph\">{\"@context\":\"https:\\\/\\\/schema.org\",\"@graph\":[{\"@type\":\"WebPage\",\"@id\":\"https:\\\/\\\/jmicomputer.blog\\\/producto\\\/autodata-2016-haynespro-vivid-workshop\\\/\",\"url\":\"https:\\\/\\\/jmicomputer.blog\\\/producto\\\/autodata-2016-haynespro-vivid-workshop\\\/\",\"name\":\"Autodata 2016 HaynesPro Vivid Workshop\",\"isPartOf\":{\"@id\":\"https:\\\/\\\/jmicomputer.blog\\\/#website\"},\"primaryImageOfPage\":{\"@id\":\"https:\\\/\\\/jmicomputer.blog\\\/producto\\\/autodata-2016-haynespro-vivid-workshop\\\/#primaryimage\"},\"image\":{\"@id\":\"https:\\\/\\\/jmicomputer.blog\\\/producto\\\/autodata-2016-haynespro-vivid-workshop\\\/#primaryimage\"},\"thumbnailUrl\":\"https:\\\/\\\/jmicomputer.blog\\\/wp-content\\\/uploads\\\/2026\\\/03\\\/autodata-2016-vivid-workshop.webp\",\"datePublished\":\"2026-03-23T08:26:24+00:00\",\"dateModified\":\"2026-04-06T09:40:39+00:00\",\"description\":\"Autodata 2016 HaynesPro Vivid Workshop esquemas e informaci\u00f3n de ajuste de coches hasta 2016 Diagnostico y Reprogramaci\u00f3n ECU - Stage 1 Ecu Files - Chiptuning Files\",\"breadcrumb\":{\"@id\":\"https:\\\/\\\/jmicomputer.blog\\\/producto\\\/autodata-2016-haynespro-vivid-workshop\\\/#breadcrumb\"},\"inLanguage\":\"es\",\"potentialAction\":[{\"@type\":\"ReadAction\",\"target\":[\"https:\\\/\\\/jmicomputer.blog\\\/producto\\\/autodata-2016-haynespro-vivid-workshop\\\/\"]}]},{\"@type\":\"ImageObject\",\"inLanguage\":\"es\",\"@id\":\"https:\\\/\\\/jmicomputer.blog\\\/producto\\\/autodata-2016-haynespro-vivid-workshop\\\/#primaryimage\",\"url\":\"https:\\\/\\\/jmicomputer.blog\\\/wp-content\\\/uploads\\\/2026\\\/03\\\/autodata-2016-vivid-workshop.webp\",\"contentUrl\":\"https:\\\/\\\/jmicomputer.blog\\\/wp-content\\\/uploads\\\/2026\\\/03\\\/autodata-2016-vivid-workshop.webp\",\"width\":381,\"height\":492,\"caption\":\"autodata 2016\"},{\"@type\":\"BreadcrumbList\",\"@id\":\"https:\\\/\\\/jmicomputer.blog\\\/producto\\\/autodata-2016-haynespro-vivid-workshop\\\/#breadcrumb\",\"itemListElement\":[{\"@type\":\"ListItem\",\"position\":1,\"name\":\"Portada\",\"item\":\"https:\\\/\\\/jmicomputer.blog\\\/\"},{\"@type\":\"ListItem\",\"position\":2,\"name\":\"Tienda Diagnosis Stage 1 Ecu Files\",\"item\":\"https:\\\/\\\/jmicomputer.blog\\\/\"},{\"@type\":\"ListItem\",\"position\":3,\"name\":\"Autodata 2016 HaynesPro Vivid Workshop\"}]},{\"@type\":\"WebSite\",\"@id\":\"https:\\\/\\\/jmicomputer.blog\\\/#website\",\"url\":\"https:\\\/\\\/jmicomputer.blog\\\/\",\"name\":\"jmicomputer.blog\",\"description\":\"Diagnostico y Reprogramaci\u00f3n ECU - Stage 1 Ecu Files - Chiptuning Files\",\"publisher\":{\"@id\":\"https:\\\/\\\/jmicomputer.blog\\\/#organization\"},\"alternateName\":\"Jmi Diagnosis\",\"potentialAction\":[{\"@type\":\"SearchAction\",\"target\":{\"@type\":\"EntryPoint\",\"urlTemplate\":\"https:\\\/\\\/jmicomputer.blog\\\/?s={search_term_string}\"},\"query-input\":{\"@type\":\"PropertyValueSpecification\",\"valueRequired\":true,\"valueName\":\"search_term_string\"}}],\"inLanguage\":\"es\"},{\"@type\":\"Organization\",\"@id\":\"https:\\\/\\\/jmicomputer.blog\\\/#organization\",\"name\":\"jmicomputer.blog\",\"alternateName\":\"Jmicomputer\",\"url\":\"https:\\\/\\\/jmicomputer.blog\\\/\",\"logo\":{\"@type\":\"ImageObject\",\"inLanguage\":\"es\",\"@id\":\"https:\\\/\\\/jmicomputer.blog\\\/#\\\/schema\\\/logo\\\/image\\\/\",\"url\":\"https:\\\/\\\/jmicomputer.blog\\\/wp-content\\\/uploads\\\/2026\\\/03\\\/cropped-Gemini_Generated_Image_i1mj0ki1mj0ki1mj-1.webp\",\"contentUrl\":\"https:\\\/\\\/jmicomputer.blog\\\/wp-content\\\/uploads\\\/2026\\\/03\\\/cropped-Gemini_Generated_Image_i1mj0ki1mj0ki1mj-1.webp\",\"width\":512,\"height\":512,\"caption\":\"jmicomputer.blog\"},\"image\":{\"@id\":\"https:\\\/\\\/jmicomputer.blog\\\/#\\\/schema\\\/logo\\\/image\\\/\"},\"sameAs\":[\"https:\\\/\\\/www.facebook.com\\\/jmicomputer.blog\"]}]}<\/script>\n<!-- \/ Yoast SEO plugin. -->","yoast_head_json":{"title":"Autodata 2016 HaynesPro Vivid Workshop","description":"Autodata 2016 HaynesPro Vivid Workshop esquemas e informaci\u00f3n de ajuste de coches hasta 2016 Diagnostico y Reprogramaci\u00f3n ECU - Stage 1 Ecu Files - Chiptuning Files","robots":{"index":"index","follow":"follow","max-snippet":"max-snippet:-1","max-image-preview":"max-image-preview:large","max-video-preview":"max-video-preview:-1"},"canonical":"https:\/\/jmicomputer.blog\/es_es\/producto\/autodata-2016-haynespro-vivid-workshop\/","og_locale":"es_ES","og_type":"article","og_title":"Autodata 2016 HaynesPro Vivid Workshop","og_description":"Autodata 2016 HaynesPro Vivid Workshop esquemas e informaci\u00f3n de ajuste de coches hasta 2016 Diagnostico y Reprogramaci\u00f3n ECU - Stage 1 Ecu Files - Chiptuning Files","og_url":"https:\/\/jmicomputer.blog\/es_es\/producto\/autodata-2016-haynespro-vivid-workshop\/","og_site_name":"Jmicomputer Diagnosis","article_publisher":"https:\/\/www.facebook.com\/jmicomputer.blog","article_modified_time":"2026-04-06T09:40:39+00:00","og_image":[{"width":381,"height":492,"url":"https:\/\/jmicomputer.blog\/wp-content\/uploads\/2026\/03\/autodata-2016-vivid-workshop.webp","type":"image\/webp"}],"twitter_card":"summary_large_image","twitter_misc":{"Tiempo de lectura":"2 minutos"},"schema":{"@context":"https:\/\/schema.org","@graph":[{"@type":"WebPage","@id":"https:\/\/jmicomputer.blog\/producto\/autodata-2016-haynespro-vivid-workshop\/","url":"https:\/\/jmicomputer.blog\/producto\/autodata-2016-haynespro-vivid-workshop\/","name":"Autodata 2016 HaynesPro Vivid Workshop","isPartOf":{"@id":"https:\/\/jmicomputer.blog\/#website"},"primaryImageOfPage":{"@id":"https:\/\/jmicomputer.blog\/producto\/autodata-2016-haynespro-vivid-workshop\/#primaryimage"},"image":{"@id":"https:\/\/jmicomputer.blog\/producto\/autodata-2016-haynespro-vivid-workshop\/#primaryimage"},"thumbnailUrl":"https:\/\/jmicomputer.blog\/wp-content\/uploads\/2026\/03\/autodata-2016-vivid-workshop.webp","datePublished":"2026-03-23T08:26:24+00:00","dateModified":"2026-04-06T09:40:39+00:00","description":"Autodata 2016 HaynesPro Vivid Workshop esquemas e informaci\u00f3n de ajuste de coches hasta 2016 Diagnostico y Reprogramaci\u00f3n ECU - Stage 1 Ecu Files - Chiptuning Files","breadcrumb":{"@id":"https:\/\/jmicomputer.blog\/producto\/autodata-2016-haynespro-vivid-workshop\/#breadcrumb"},"inLanguage":"es","potentialAction":[{"@type":"ReadAction","target":["https:\/\/jmicomputer.blog\/producto\/autodata-2016-haynespro-vivid-workshop\/"]}]},{"@type":"ImageObject","inLanguage":"es","@id":"https:\/\/jmicomputer.blog\/producto\/autodata-2016-haynespro-vivid-workshop\/#primaryimage","url":"https:\/\/jmicomputer.blog\/wp-content\/uploads\/2026\/03\/autodata-2016-vivid-workshop.webp","contentUrl":"https:\/\/jmicomputer.blog\/wp-content\/uploads\/2026\/03\/autodata-2016-vivid-workshop.webp","width":381,"height":492,"caption":"autodata 2016"},{"@type":"BreadcrumbList","@id":"https:\/\/jmicomputer.blog\/producto\/autodata-2016-haynespro-vivid-workshop\/#breadcrumb","itemListElement":[{"@type":"ListItem","position":1,"name":"Portada","item":"https:\/\/jmicomputer.blog\/"},{"@type":"ListItem","position":2,"name":"Tienda Diagnosis Stage 1 Ecu Files","item":"https:\/\/jmicomputer.blog\/"},{"@type":"ListItem","position":3,"name":"Autodata 2016 HaynesPro Vivid Workshop"}]},{"@type":"WebSite","@id":"https:\/\/jmicomputer.blog\/#website","url":"https:\/\/jmicomputer.blog\/","name":"jmicomputer.blog","description":"Diagnostico y Reprogramaci\u00f3n ECU - Stage 1 Ecu Files - Chiptuning Files","publisher":{"@id":"https:\/\/jmicomputer.blog\/#organization"},"alternateName":"Jmi Diagnosis","potentialAction":[{"@type":"SearchAction","target":{"@type":"EntryPoint","urlTemplate":"https:\/\/jmicomputer.blog\/?s={search_term_string}"},"query-input":{"@type":"PropertyValueSpecification","valueRequired":true,"valueName":"search_term_string"}}],"inLanguage":"es"},{"@type":"Organization","@id":"https:\/\/jmicomputer.blog\/#organization","name":"jmicomputer.blog","alternateName":"Jmicomputer","url":"https:\/\/jmicomputer.blog\/","logo":{"@type":"ImageObject","inLanguage":"es","@id":"https:\/\/jmicomputer.blog\/#\/schema\/logo\/image\/","url":"https:\/\/jmicomputer.blog\/wp-content\/uploads\/2026\/03\/cropped-Gemini_Generated_Image_i1mj0ki1mj0ki1mj-1.webp","contentUrl":"https:\/\/jmicomputer.blog\/wp-content\/uploads\/2026\/03\/cropped-Gemini_Generated_Image_i1mj0ki1mj0ki1mj-1.webp","width":512,"height":512,"caption":"jmicomputer.blog"},"image":{"@id":"https:\/\/jmicomputer.blog\/#\/schema\/logo\/image\/"},"sameAs":["https:\/\/www.facebook.com\/jmicomputer.blog"]}]}},"_links":{"self":[{"href":"https:\/\/jmicomputer.blog\/es_es\/wp-json\/wp\/v2\/product\/5773","targetHints":{"allow":["GET"]}}],"collection":[{"href":"https:\/\/jmicomputer.blog\/es_es\/wp-json\/wp\/v2\/product"}],"about":[{"href":"https:\/\/jmicomputer.blog\/es_es\/wp-json\/wp\/v2\/types\/product"}],"wp:featuredmedia":[{"embeddable":true,"href":"https:\/\/jmicomputer.blog\/es_es\/wp-json\/wp\/v2\/media\/5774"}],"wp:attachment":[{"href":"https:\/\/jmicomputer.blog\/es_es\/wp-json\/wp\/v2\/media?parent=5773"}],"wp:term":[{"taxonomy":"product_brand","embeddable":true,"href":"https:\/\/jmicomputer.blog\/es_es\/wp-json\/wp\/v2\/product_brand?post=5773"},{"taxonomy":"product_cat","embeddable":true,"href":"https:\/\/jmicomputer.blog\/es_es\/wp-json\/wp\/v2\/product_cat?post=5773"},{"taxonomy":"product_tag","embeddable":true,"href":"https:\/\/jmicomputer.blog\/es_es\/wp-json\/wp\/v2\/product_tag?post=5773"}],"curies":[{"name":"wp","href":"https:\/\/api.w.org\/{rel}","templated":true}]}}