{"id":1625,"date":"2026-02-10T10:41:12","date_gmt":"2026-02-10T09:41:12","guid":{"rendered":"https:\/\/jmicomputer.blog\/?post_type=product&#038;p=1625"},"modified":"2026-04-23T14:18:26","modified_gmt":"2026-04-23T12:18:26","slug":"vagcom-espanol-25-3","status":"publish","type":"product","link":"https:\/\/jmicomputer.blog\/es_es\/producto\/vagcom-espanol-25-3\/","title":{"rendered":"Vagcom Hex-v2 Espa\u00f1ol"},"content":{"rendered":"<h2>Vagcom espa\u00f1ol 25.3<\/h2>\n<p>Vagcom Espa\u00f1ol 25.3\/ Ingl\u00e9s 25.3<\/p>\n<p>Diagnosis grupo Vag en Espa\u00f1ol, Bastidores Ilimitados<\/p>\n<p>Vins Ilimitados<\/p>\n<p>HEX V2 OBD2, interfaz USB para VW, Seat, Audi, Skoda, Seat Ilimitado<\/p>\n<p><a href=\"https:\/\/en.wikipedia.org\/wiki\/VCDS_(software)\">mas info<\/a><\/p>\n<p><a href=\"https:\/\/jmicomputer.blog\/producto\/vagcom-espanol-25-3-y-21-3\/\">Descarga<\/a><\/p>\n<p><b>vagcom espa\u00f1ol 25.3 VCDS <\/b>(una abreviatura de &#8220;Sistema de Diagn\u00f3stico VAG-COM&#8221; y anteriormente conocido como <b>VAG-COM<\/b>) es un paquete de software basado en Microsoft Windows,<sup id=\"cite_ref-VAG-COM_3-1\" class=\"reference\"><span class=\"cite-bracket\">[3]<\/span><\/sup>desarrollado y producido por Ross-Tech, LLC desde mayo de 2000. <sup id=\"cite_ref-VCDS_history_1-1\" class=\"reference\"><\/sup>Se utiliza principalmente para diagn\u00f3sticos de veh\u00edculos de motor del Grupo Volkswagen<\/p>\n<p>VCDS realizar\u00e1 la mayor\u00eda de las funciones de las costosas herramientas de diagn\u00f3stico electr\u00f3nico disponibles solo para los distribuidores oficiales, como las actuales herramientas de diagn\u00f3stico de la serie VAS 505x.<\/p>\n<p><sup id=\"cite_ref-VAG-COM_3-2\" class=\"reference\"><\/sup>En el pasado, estas herramientas solo para concesionarios han impedido que los propietarios y muchos peque\u00f1os talleres de reparaci\u00f3n independientes realicen algunas tareas fundamentales, como el diagn\u00f3stico de problemas, el tiempo de encendido di\u00e9sel.<\/p>\n<p>La modificaci\u00f3n de opciones de conveniencia como el desbloqueo autom\u00e1tico de la puerta.<\/p>\n<p>El monitoreo de muchos sensores de veh\u00edculos para diagnosticar problemas.A diferencia de los diagn\u00f3sticos gen\u00e9ricos a bordo (OBD-II o EOBD).<\/p>\n<p>En general, hay dos formas de usar este software, ya sea como un paquete (software <i>y <\/i>hardware) distribuido por sus agentes, o, construyendo su propio hardware de interfaz y us\u00e1ndolo con la versi\u00f3n shareware disponible p\u00fablicamente pero limitada del software.<\/p>\n<p>VCDS tambi\u00e9n es capaz de interactuar con veh\u00edculos que utilizan los protocolos gen\u00e9ricos OBD-II\/EOBD. Sin embargo, los est\u00e1ndares OBD-II y EOBD solo permiten diagn\u00f3sticos limitados y no ajustes en ninguna de las ECU.<\/p>\n","protected":false},"excerpt":{"rendered":"<p>Vagcom Espa\u00f1ol 25.3\/ Ingl\u00e9s 25.3<\/p>\n<p>Diagnosis grupo Vag en Espa\u00f1ol, Bastidores Ilimitados<\/p>\n<p>Vins Ilimitados<\/p>\n<p>HEX V2 OBD2, interfaz USB para VW, Seat, Audi, Skoda, Seat Ilimitado<\/p>\n","protected":false},"featured_media":1627,"template":"","meta":{"_acf_changed":false,"_joinchat":[]},"product_brand":[1191],"product_cat":[1162,71,1233,1232],"product_tag":[1171,76,73],"class_list":{"0":"post-1625","1":"product","2":"type-product","3":"status-publish","4":"has-post-thumbnail","6":"product_brand-volkswagen","7":"product_cat-categoria-principal","8":"product_cat-diagnosis","9":"product_cat-grupo-vag","10":"product_cat-programas-por-marca","11":"product_tag-25-3","12":"product_tag-diagnosis","13":"product_tag-vagcom","15":"first","16":"instock","17":"taxable","18":"shipping-taxable","19":"purchasable","20":"product-type-simple"},"acf":[],"yoast_head":"<!-- This site is optimized with the Yoast SEO plugin v27.4 - https:\/\/yoast.com\/product\/yoast-seo-wordpress\/ -->\n<title>Vagcom espa\u00f1ol 25.3 - Ilimitado 2025 VW Seat Audi y Skoda<\/title>\n<meta name=\"description\" content=\"Vagcom espa\u00f1ol 25.3, diagnosis grupo Vag hasta 2021 en Espa\u00f1ol, Bastidores Ilimitados, HEX V2 OBD2, interfaz USB para VW, Seat, Audi, Skoda\" \/>\n<meta name=\"robots\" content=\"index, follow, max-snippet:-1, max-image-preview:large, max-video-preview:-1\" \/>\n<link rel=\"canonical\" href=\"https:\/\/jmicomputer.blog\/es_es\/producto\/vagcom-espanol-25-3\/\" \/>\n<meta property=\"og:locale\" content=\"es_ES\" \/>\n<meta property=\"og:type\" content=\"article\" \/>\n<meta property=\"og:title\" content=\"Vagcom espa\u00f1ol 25.3 - Ilimitado 2025 VW Seat Audi y Skoda\" \/>\n<meta property=\"og:description\" content=\"Vagcom espa\u00f1ol 25.3, diagnosis grupo Vag hasta 2021 en Espa\u00f1ol, Bastidores Ilimitados, HEX V2 OBD2, interfaz USB para VW, Seat, Audi, Skoda\" \/>\n<meta property=\"og:url\" content=\"https:\/\/jmicomputer.blog\/es_es\/producto\/vagcom-espanol-25-3\/\" \/>\n<meta property=\"og:site_name\" content=\"Jmicomputer Diagnosis\" \/>\n<meta property=\"article:publisher\" content=\"https:\/\/www.facebook.com\/jmicomputer.blog\" \/>\n<meta property=\"article:modified_time\" content=\"2026-04-23T12:18:26+00:00\" \/>\n<meta property=\"og:image\" content=\"https:\/\/jmicomputer.blog\/wp-content\/uploads\/2026\/02\/vagcom-hex-v2-atmega-253.jpg\" \/>\n\t<meta property=\"og:image:width\" content=\"720\" \/>\n\t<meta property=\"og:image:height\" content=\"720\" \/>\n\t<meta property=\"og:image:type\" content=\"image\/jpeg\" \/>\n<meta name=\"twitter:card\" content=\"summary_large_image\" \/>\n<meta name=\"twitter:label1\" content=\"Tiempo de lectura\" \/>\n\t<meta name=\"twitter:data1\" content=\"2 minutos\" \/>\n<script type=\"application\/ld+json\" class=\"yoast-schema-graph\">{\"@context\":\"https:\\\/\\\/schema.org\",\"@graph\":[{\"@type\":[\"WebPage\",\"ItemPage\"],\"@id\":\"https:\\\/\\\/jmicomputer.blog\\\/es_es\\\/producto\\\/vagcom-espanol-25-3\\\/\",\"url\":\"https:\\\/\\\/jmicomputer.blog\\\/es_es\\\/producto\\\/vagcom-espanol-25-3\\\/\",\"name\":\"Vagcom espa\u00f1ol 25.3 - Ilimitado 2025 VW Seat Audi y Skoda\",\"isPartOf\":{\"@id\":\"https:\\\/\\\/jmicomputer.blog\\\/#website\"},\"primaryImageOfPage\":{\"@id\":\"https:\\\/\\\/jmicomputer.blog\\\/es_es\\\/producto\\\/vagcom-espanol-25-3\\\/#primaryimage\"},\"image\":{\"@id\":\"https:\\\/\\\/jmicomputer.blog\\\/es_es\\\/producto\\\/vagcom-espanol-25-3\\\/#primaryimage\"},\"thumbnailUrl\":\"https:\\\/\\\/jmicomputer.blog\\\/wp-content\\\/uploads\\\/2026\\\/02\\\/vagcom-hex-v2-atmega-253.jpg\",\"datePublished\":\"2026-02-10T09:41:12+00:00\",\"dateModified\":\"2026-04-23T12:18:26+00:00\",\"description\":\"Vagcom espa\u00f1ol 25.3, diagnosis grupo Vag hasta 2021 en Espa\u00f1ol, Bastidores Ilimitados, HEX V2 OBD2, interfaz USB para VW, Seat, Audi, Skoda\",\"breadcrumb\":{\"@id\":\"https:\\\/\\\/jmicomputer.blog\\\/es_es\\\/producto\\\/vagcom-espanol-25-3\\\/#breadcrumb\"},\"inLanguage\":\"es\",\"potentialAction\":[{\"@type\":\"ReadAction\",\"target\":[\"https:\\\/\\\/jmicomputer.blog\\\/es_es\\\/producto\\\/vagcom-espanol-25-3\\\/\"]}]},{\"@type\":\"ImageObject\",\"inLanguage\":\"es\",\"@id\":\"https:\\\/\\\/jmicomputer.blog\\\/es_es\\\/producto\\\/vagcom-espanol-25-3\\\/#primaryimage\",\"url\":\"https:\\\/\\\/jmicomputer.blog\\\/wp-content\\\/uploads\\\/2026\\\/02\\\/vagcom-hex-v2-atmega-253.jpg\",\"contentUrl\":\"https:\\\/\\\/jmicomputer.blog\\\/wp-content\\\/uploads\\\/2026\\\/02\\\/vagcom-hex-v2-atmega-253.jpg\",\"width\":720,\"height\":720},{\"@type\":\"BreadcrumbList\",\"@id\":\"https:\\\/\\\/jmicomputer.blog\\\/es_es\\\/producto\\\/vagcom-espanol-25-3\\\/#breadcrumb\",\"itemListElement\":[{\"@type\":\"ListItem\",\"position\":1,\"name\":\"Portada\",\"item\":\"https:\\\/\\\/jmicomputer.blog\\\/\"},{\"@type\":\"ListItem\",\"position\":2,\"name\":\"Tienda Diagnosis Stage 1 Ecu Files\",\"item\":\"https:\\\/\\\/jmicomputer.blog\\\/\"},{\"@type\":\"ListItem\",\"position\":3,\"name\":\"Vagcom Hex-v2 Espa\u00f1ol\"}]},{\"@type\":\"WebSite\",\"@id\":\"https:\\\/\\\/jmicomputer.blog\\\/#website\",\"url\":\"https:\\\/\\\/jmicomputer.blog\\\/\",\"name\":\"jmicomputer.blog\",\"description\":\"Diagnostico y Reprogramaci\u00f3n ECU - Chiptuning Files\",\"publisher\":{\"@id\":\"https:\\\/\\\/jmicomputer.blog\\\/#organization\"},\"alternateName\":\"Jmi Diagnosis\",\"potentialAction\":[{\"@type\":\"SearchAction\",\"target\":{\"@type\":\"EntryPoint\",\"urlTemplate\":\"https:\\\/\\\/jmicomputer.blog\\\/?s={search_term_string}\"},\"query-input\":{\"@type\":\"PropertyValueSpecification\",\"valueRequired\":true,\"valueName\":\"search_term_string\"}}],\"inLanguage\":\"es\"},{\"@type\":\"Organization\",\"@id\":\"https:\\\/\\\/jmicomputer.blog\\\/#organization\",\"name\":\"jmicomputer.blog\",\"alternateName\":\"Jmicomputer\",\"url\":\"https:\\\/\\\/jmicomputer.blog\\\/\",\"logo\":{\"@type\":\"ImageObject\",\"inLanguage\":\"es\",\"@id\":\"https:\\\/\\\/jmicomputer.blog\\\/#\\\/schema\\\/logo\\\/image\\\/\",\"url\":\"https:\\\/\\\/jmicomputer.blog\\\/wp-content\\\/uploads\\\/2026\\\/03\\\/cropped-Gemini_Generated_Image_i1mj0ki1mj0ki1mj-1.webp\",\"contentUrl\":\"https:\\\/\\\/jmicomputer.blog\\\/wp-content\\\/uploads\\\/2026\\\/03\\\/cropped-Gemini_Generated_Image_i1mj0ki1mj0ki1mj-1.webp\",\"width\":512,\"height\":512,\"caption\":\"jmicomputer.blog\"},\"image\":{\"@id\":\"https:\\\/\\\/jmicomputer.blog\\\/#\\\/schema\\\/logo\\\/image\\\/\"},\"sameAs\":[\"https:\\\/\\\/www.facebook.com\\\/jmicomputer.blog\"]}]}<\/script>\n<!-- \/ Yoast SEO plugin. -->","yoast_head_json":{"title":"Vagcom espa\u00f1ol 25.3 - Ilimitado 2025 VW Seat Audi y Skoda","description":"Vagcom espa\u00f1ol 25.3, diagnosis grupo Vag hasta 2021 en Espa\u00f1ol, Bastidores Ilimitados, HEX V2 OBD2, interfaz USB para VW, Seat, Audi, Skoda","robots":{"index":"index","follow":"follow","max-snippet":"max-snippet:-1","max-image-preview":"max-image-preview:large","max-video-preview":"max-video-preview:-1"},"canonical":"https:\/\/jmicomputer.blog\/es_es\/producto\/vagcom-espanol-25-3\/","og_locale":"es_ES","og_type":"article","og_title":"Vagcom espa\u00f1ol 25.3 - Ilimitado 2025 VW Seat Audi y Skoda","og_description":"Vagcom espa\u00f1ol 25.3, diagnosis grupo Vag hasta 2021 en Espa\u00f1ol, Bastidores Ilimitados, HEX V2 OBD2, interfaz USB para VW, Seat, Audi, Skoda","og_url":"https:\/\/jmicomputer.blog\/es_es\/producto\/vagcom-espanol-25-3\/","og_site_name":"Jmicomputer Diagnosis","article_publisher":"https:\/\/www.facebook.com\/jmicomputer.blog","article_modified_time":"2026-04-23T12:18:26+00:00","og_image":[{"width":720,"height":720,"url":"https:\/\/jmicomputer.blog\/wp-content\/uploads\/2026\/02\/vagcom-hex-v2-atmega-253.jpg","type":"image\/jpeg"}],"twitter_card":"summary_large_image","twitter_misc":{"Tiempo de lectura":"2 minutos"},"schema":{"@context":"https:\/\/schema.org","@graph":[{"@type":["WebPage","ItemPage"],"@id":"https:\/\/jmicomputer.blog\/es_es\/producto\/vagcom-espanol-25-3\/","url":"https:\/\/jmicomputer.blog\/es_es\/producto\/vagcom-espanol-25-3\/","name":"Vagcom espa\u00f1ol 25.3 - Ilimitado 2025 VW Seat Audi y Skoda","isPartOf":{"@id":"https:\/\/jmicomputer.blog\/#website"},"primaryImageOfPage":{"@id":"https:\/\/jmicomputer.blog\/es_es\/producto\/vagcom-espanol-25-3\/#primaryimage"},"image":{"@id":"https:\/\/jmicomputer.blog\/es_es\/producto\/vagcom-espanol-25-3\/#primaryimage"},"thumbnailUrl":"https:\/\/jmicomputer.blog\/wp-content\/uploads\/2026\/02\/vagcom-hex-v2-atmega-253.jpg","datePublished":"2026-02-10T09:41:12+00:00","dateModified":"2026-04-23T12:18:26+00:00","description":"Vagcom espa\u00f1ol 25.3, diagnosis grupo Vag hasta 2021 en Espa\u00f1ol, Bastidores Ilimitados, HEX V2 OBD2, interfaz USB para VW, Seat, Audi, Skoda","breadcrumb":{"@id":"https:\/\/jmicomputer.blog\/es_es\/producto\/vagcom-espanol-25-3\/#breadcrumb"},"inLanguage":"es","potentialAction":[{"@type":"ReadAction","target":["https:\/\/jmicomputer.blog\/es_es\/producto\/vagcom-espanol-25-3\/"]}]},{"@type":"ImageObject","inLanguage":"es","@id":"https:\/\/jmicomputer.blog\/es_es\/producto\/vagcom-espanol-25-3\/#primaryimage","url":"https:\/\/jmicomputer.blog\/wp-content\/uploads\/2026\/02\/vagcom-hex-v2-atmega-253.jpg","contentUrl":"https:\/\/jmicomputer.blog\/wp-content\/uploads\/2026\/02\/vagcom-hex-v2-atmega-253.jpg","width":720,"height":720},{"@type":"BreadcrumbList","@id":"https:\/\/jmicomputer.blog\/es_es\/producto\/vagcom-espanol-25-3\/#breadcrumb","itemListElement":[{"@type":"ListItem","position":1,"name":"Portada","item":"https:\/\/jmicomputer.blog\/"},{"@type":"ListItem","position":2,"name":"Tienda Diagnosis Stage 1 Ecu Files","item":"https:\/\/jmicomputer.blog\/"},{"@type":"ListItem","position":3,"name":"Vagcom Hex-v2 Espa\u00f1ol"}]},{"@type":"WebSite","@id":"https:\/\/jmicomputer.blog\/#website","url":"https:\/\/jmicomputer.blog\/","name":"jmicomputer.blog","description":"Diagnostico y Reprogramaci\u00f3n ECU - Chiptuning Files","publisher":{"@id":"https:\/\/jmicomputer.blog\/#organization"},"alternateName":"Jmi Diagnosis","potentialAction":[{"@type":"SearchAction","target":{"@type":"EntryPoint","urlTemplate":"https:\/\/jmicomputer.blog\/?s={search_term_string}"},"query-input":{"@type":"PropertyValueSpecification","valueRequired":true,"valueName":"search_term_string"}}],"inLanguage":"es"},{"@type":"Organization","@id":"https:\/\/jmicomputer.blog\/#organization","name":"jmicomputer.blog","alternateName":"Jmicomputer","url":"https:\/\/jmicomputer.blog\/","logo":{"@type":"ImageObject","inLanguage":"es","@id":"https:\/\/jmicomputer.blog\/#\/schema\/logo\/image\/","url":"https:\/\/jmicomputer.blog\/wp-content\/uploads\/2026\/03\/cropped-Gemini_Generated_Image_i1mj0ki1mj0ki1mj-1.webp","contentUrl":"https:\/\/jmicomputer.blog\/wp-content\/uploads\/2026\/03\/cropped-Gemini_Generated_Image_i1mj0ki1mj0ki1mj-1.webp","width":512,"height":512,"caption":"jmicomputer.blog"},"image":{"@id":"https:\/\/jmicomputer.blog\/#\/schema\/logo\/image\/"},"sameAs":["https:\/\/www.facebook.com\/jmicomputer.blog"]}]}},"_links":{"self":[{"href":"https:\/\/jmicomputer.blog\/es_es\/wp-json\/wp\/v2\/product\/1625","targetHints":{"allow":["GET"]}}],"collection":[{"href":"https:\/\/jmicomputer.blog\/es_es\/wp-json\/wp\/v2\/product"}],"about":[{"href":"https:\/\/jmicomputer.blog\/es_es\/wp-json\/wp\/v2\/types\/product"}],"wp:featuredmedia":[{"embeddable":true,"href":"https:\/\/jmicomputer.blog\/es_es\/wp-json\/wp\/v2\/media\/1627"}],"wp:attachment":[{"href":"https:\/\/jmicomputer.blog\/es_es\/wp-json\/wp\/v2\/media?parent=1625"}],"wp:term":[{"taxonomy":"product_brand","embeddable":true,"href":"https:\/\/jmicomputer.blog\/es_es\/wp-json\/wp\/v2\/product_brand?post=1625"},{"taxonomy":"product_cat","embeddable":true,"href":"https:\/\/jmicomputer.blog\/es_es\/wp-json\/wp\/v2\/product_cat?post=1625"},{"taxonomy":"product_tag","embeddable":true,"href":"https:\/\/jmicomputer.blog\/es_es\/wp-json\/wp\/v2\/product_tag?post=1625"}],"curies":[{"name":"wp","href":"https:\/\/api.w.org\/{rel}","templated":true}]}}