{"id":5977,"date":"2026-04-05T16:39:38","date_gmt":"2026-04-05T14:39:38","guid":{"rendered":"https:\/\/jmicomputer.blog\/producto\/launch-x431-v-5-0-2-anos-multimarca\/"},"modified":"2026-04-05T17:11:08","modified_gmt":"2026-04-05T15:11:08","slug":"launch-x431-v-5-0-2-anos-multimarca","status":"publish","type":"product","link":"https:\/\/jmicomputer.blog\/en\/product\/launch-x431-v-5-0-2-anos-multimarca\/","title":{"rendered":"LAUNCH X431 V+ 5.0 + 2 A\u00d1OS&#8230; MULTIMARCA"},"content":{"rendered":"<p>LAUNCH X431 V+ 4.0\u00a0 NUEVO MODELO 2024Uno de los mejores y m\u00e1s potentes equipos de Launch, ahora mejorado. Mejores prestaciones.Posee conexi\u00f3n avanzada de Bluetooth\u00a0 con el veh\u00edculo, mediante el conector DBScar conector, tambi\u00e9n conexi\u00f3n Wifi.Como todos los equipos Launch, dispone de una gran cobertura de veh\u00edculos, tanto Americanos y Europeos como Asi\u00e1ticos, permitiendo en todos ellos una completa diagnosis.\u00a0Marcas soportadas por el X431 V+:\u00a0 +150 marcas. Todos los asi\u00e1ticos, americanos y veh\u00edculos Europeos incluidos. Algunos ejemplos.Acura, Changan, Daweoo, Gaz, Hafei, Huachen, Jiao, Lexus, Xiali, Xinkai, Mercedes Benz, Fiat, Holden, Maruti, Opel, Peugeot, Saab, Ssangyong, Tata, Changhe, Flyer, GMSA, Infiniti, Mahindra, Perodua, Proton, Qirui, Tlisuzu, Zhongshun, EOBD2, Euroford, GM, Jaguar, Renault, Smart, Sprinter, USA Ford, VAZ, VW, Changcheng, Dacia, Ford, HaoQing, Jinlong, Liuwei, Rover, ZhongTai, ZhongXing, Bxfiat, HM, Isuzu, Jacty, JPIsuzu, Mazda, Seat, Skoda, Suzuki, BMW, Daihatsu, Mitsubishi, Porsche, Toyota, Volvo, Audi, Chrysler, Citroen, Hyundai, Kia, Lancia, Landrover, Nissan, Alfa Romeo, Subaru&#8230;\u00a0Algunas ventajas del equipo.Alto nivel de configuraci\u00f3n del software, lo que permite accede a las funciones r\u00e1pidamente.Pantalla t\u00e1ctil, precisa y r\u00e1pidaTama\u00f1o port\u00e1til, para su f\u00e1cil transporte.Nuevo interface mejorado, y m\u00e1s sencillo de utilizar. Muy intuitivo,Se puede instalar cualquier software de Android.Dispone de funciones multimedia, como foto y v\u00eddeo.El equipo es m\u00e1s grande que el X431V y se acompa\u00f1a de una estuche malet\u00edn r\u00edgido para su protecci\u00f3n.\u00a0\u00a0Sistema de manejo: t\u00e1ctil \u00faltima generaci\u00f3nConectividad: Wifi, BluetoothDos a\u00f1os de actualizaciones gratuitas en la web del fabricante.Certificado de autenticidad del producto incluido.\u00a0Especificaciones t\u00e9cnicasNuevo procesador\u00a0Pantalla: 10.1 pulgadas Multi touch t\u00e1ctilResoluci\u00f3n de pantalla: 1280 X 800Sistema operativo: Android 10.0Memoria: 4+64gbAlmacenamiento: 8 GB (Soporta tarjetas SD de 32 gb)Bater\u00eda: bater\u00eda de pol\u00edmero de litio-ion, 7000mAh<br \/>\nC\u00e1mara: 5M p\u00edxeles traserosCONECTORES AUXILIARES<\/p>\n<p>El Scanner\u00a0Launch X431 V+ (Pro 3), viene con un\u00a0conector principal Bluetooth de 16 pines. Adicionalmente,\u00a0trae un set completo de conectores auxiliares, para veh\u00edculos que tienen un conector de diagn\u00f3stico diferente. Los conectores auxiliares son:<\/p>\n<p>&#8211; Audi\u00a04 pines<br \/>\n&#8211; BMW\u00a020 pines<br \/>\n&#8211; Chrysler\u00a06 pines<br \/>\n&#8211; Daewoo\u00a012 pines<br \/>\n&#8211; Daihatsu\u00a04 pines<br \/>\n&#8211; Fiat\u00a03 pines<br \/>\n&#8211; Ford\u00a06+1 pines<br \/>\n&#8211; GAZ\u00a012 pines<br \/>\n&#8211; Geely\u00a022 pines<br \/>\n&#8211; GM \/ Chevrolet \/ VAZ\u00a012 pines<br \/>\n&#8211; Honda\u00a03 pines<br \/>\n&#8211; KIA\u00a020 pines<br \/>\n&#8211; Mazda\u00a017 pines<br \/>\n&#8211; Mercedes Benz\u00a038 pines<br \/>\n&#8211; Mercedes Benz\u00a014 pines<br \/>\n&#8211; Mitsubishi \/ Hyundai\u00a012 pines<br \/>\n&#8211; Nissan\u00a014 pines<br \/>\n&#8211; SsangYong\u00a014 pines<br \/>\n&#8211; SsangYong\u00a020 pines<br \/>\n&#8211; Subaru\u00a09 pines<br \/>\n&#8211; Suzuki\u00a03 pines<br \/>\n&#8211; Toyota\u00a017 pines<br \/>\n&#8211; Toyota\u00a022 pines<\/p>\n<p>EL PRODUCTO INCLUYE:<\/p>\n<p>Un (1) malet\u00edn de pl\u00e1stico r\u00edgido. El contenido es:<\/p>\n<p>1 Scanner LAUNCH X431 V+ (PRO 3)<br \/>\n1 Conector de Diagn\u00f3stico Bluetooth \/ USB de 16 Pines<br \/>\n1 Adaptador de Corriente<br \/>\nVarios cables de conexi\u00f3n USB e interfaces<br \/>\nSet Completo de Conectores Auxiliares OBD1\u00a0\u00a0\u00bfPor qu\u00e9 comprar su equipo Launch en Jmicomputer Blog?Equipos Launch originales y garantizadosEnv\u00edo r\u00e1pido y seguroM\u00e9todos de pago seguros\u00a0Launch x431 V PLUS LAUNCH X431 V+ LAUNCH X431 V+ ORIGINAL<\/p>","protected":false},"excerpt":{"rendered":"<p>Nuevo Launch X431 V+ 5.0. Nuevo equipo de diagnosis profesional Launch x431 V PLUS. (LAUNCH X431 V+) Su estilo formato tablet \u00a0+, est\u00e1 especialmente dise\u00f1ado para funcionar con la \u00faltima tecnolog\u00eda Android. Permitiendo de este modo descargar cualquier software o aplicaci\u00f3n de Android para personalizar en su m\u00e1xima medida el equipo.<\/p>","protected":false},"featured_media":6015,"template":"","meta":{"_acf_changed":false,"_joinchat":[]},"product_brand":[1285],"product_cat":[1278],"product_tag":[1279],"class_list":{"0":"post-5977","1":"product","2":"type-product","3":"status-publish","4":"has-post-thumbnail","6":"product_brand-launch","7":"product_cat-multimarca-2","8":"product_tag-diagnosis-multimarca","10":"first","11":"instock","12":"taxable","13":"shipping-taxable","14":"purchasable","15":"product-type-simple"},"acf":[],"yoast_head":"<!-- This site is optimized with the Yoast SEO plugin v27.4 - https:\/\/yoast.com\/product\/yoast-seo-wordpress\/ -->\n<title>LAUNCH X431 V+ 5.0 + 2 A\u00d1OS... MULTIMARCA<\/title>\n<meta name=\"description\" content=\"LAUNCH X431 V+ 5.0 + 2 A\u00d1OS... MULTIMARCA Diagnostico y Reprogramaci\u00f3n ECU - Stage 1 Ecu Files - Chiptuning Files\" \/>\n<meta name=\"robots\" content=\"index, follow, max-snippet:-1, max-image-preview:large, max-video-preview:-1\" \/>\n<link rel=\"canonical\" href=\"https:\/\/jmicomputer.blog\/en\/product\/launch-x431-v-5-0-2-anos-multimarca\/\" \/>\n<meta property=\"og:locale\" content=\"en_US\" \/>\n<meta property=\"og:type\" content=\"article\" \/>\n<meta property=\"og:title\" content=\"LAUNCH X431 V+ 5.0 + 2 A\u00d1OS... MULTIMARCA\" \/>\n<meta property=\"og:description\" content=\"LAUNCH X431 V+ 5.0 + 2 A\u00d1OS... MULTIMARCA Diagnostico y Reprogramaci\u00f3n ECU - Stage 1 Ecu Files - Chiptuning Files\" \/>\n<meta property=\"og:url\" content=\"https:\/\/jmicomputer.blog\/en\/product\/launch-x431-v-5-0-2-anos-multimarca\/\" \/>\n<meta property=\"og:site_name\" content=\"Jmicomputer Diagnosis\" \/>\n<meta property=\"article:publisher\" content=\"https:\/\/www.facebook.com\/jmicomputer.blog\" \/>\n<meta property=\"article:modified_time\" content=\"2026-04-05T15:11:08+00:00\" \/>\n<meta property=\"og:image\" content=\"https:\/\/jmicomputer.blog\/wp-content\/uploads\/2026\/04\/comprar-launch-x431-v-2.jpg\" \/>\n\t<meta property=\"og:image:width\" content=\"264\" \/>\n\t<meta property=\"og:image:height\" content=\"264\" \/>\n\t<meta property=\"og:image:type\" content=\"image\/jpeg\" \/>\n<meta name=\"twitter:card\" content=\"summary_large_image\" \/>\n<meta name=\"twitter:label1\" content=\"Est. reading time\" \/>\n\t<meta name=\"twitter:data1\" content=\"3 minutes\" \/>\n<script type=\"application\/ld+json\" class=\"yoast-schema-graph\">{\"@context\":\"https:\\\/\\\/schema.org\",\"@graph\":[{\"@type\":\"WebPage\",\"@id\":\"https:\\\/\\\/jmicomputer.blog\\\/en\\\/product\\\/launch-x431-v-5-0-2-anos-multimarca\\\/\",\"url\":\"https:\\\/\\\/jmicomputer.blog\\\/en\\\/product\\\/launch-x431-v-5-0-2-anos-multimarca\\\/\",\"name\":\"LAUNCH X431 V+ 5.0 + 2 A\u00d1OS... MULTIMARCA\",\"isPartOf\":{\"@id\":\"https:\\\/\\\/jmicomputer.blog\\\/#website\"},\"primaryImageOfPage\":{\"@id\":\"https:\\\/\\\/jmicomputer.blog\\\/en\\\/product\\\/launch-x431-v-5-0-2-anos-multimarca\\\/#primaryimage\"},\"image\":{\"@id\":\"https:\\\/\\\/jmicomputer.blog\\\/en\\\/product\\\/launch-x431-v-5-0-2-anos-multimarca\\\/#primaryimage\"},\"thumbnailUrl\":\"https:\\\/\\\/jmicomputer.blog\\\/wp-content\\\/uploads\\\/2026\\\/04\\\/comprar-launch-x431-v-2.jpg\",\"datePublished\":\"2026-04-05T14:39:38+00:00\",\"dateModified\":\"2026-04-05T15:11:08+00:00\",\"description\":\"LAUNCH X431 V+ 5.0 + 2 A\u00d1OS... MULTIMARCA Diagnostico y Reprogramaci\u00f3n ECU - Stage 1 Ecu Files - Chiptuning Files\",\"breadcrumb\":{\"@id\":\"https:\\\/\\\/jmicomputer.blog\\\/en\\\/product\\\/launch-x431-v-5-0-2-anos-multimarca\\\/#breadcrumb\"},\"inLanguage\":\"en-US\",\"potentialAction\":[{\"@type\":\"ReadAction\",\"target\":[\"https:\\\/\\\/jmicomputer.blog\\\/en\\\/product\\\/launch-x431-v-5-0-2-anos-multimarca\\\/\"]}]},{\"@type\":\"ImageObject\",\"inLanguage\":\"en-US\",\"@id\":\"https:\\\/\\\/jmicomputer.blog\\\/en\\\/product\\\/launch-x431-v-5-0-2-anos-multimarca\\\/#primaryimage\",\"url\":\"https:\\\/\\\/jmicomputer.blog\\\/wp-content\\\/uploads\\\/2026\\\/04\\\/comprar-launch-x431-v-2.jpg\",\"contentUrl\":\"https:\\\/\\\/jmicomputer.blog\\\/wp-content\\\/uploads\\\/2026\\\/04\\\/comprar-launch-x431-v-2.jpg\",\"width\":264,\"height\":264},{\"@type\":\"BreadcrumbList\",\"@id\":\"https:\\\/\\\/jmicomputer.blog\\\/en\\\/product\\\/launch-x431-v-5-0-2-anos-multimarca\\\/#breadcrumb\",\"itemListElement\":[{\"@type\":\"ListItem\",\"position\":1,\"name\":\"Portada\",\"item\":\"https:\\\/\\\/jmicomputer.blog\\\/\"},{\"@type\":\"ListItem\",\"position\":2,\"name\":\"Tienda Diagnosis Stage 1 Ecu Files\",\"item\":\"https:\\\/\\\/jmicomputer.blog\\\/\"},{\"@type\":\"ListItem\",\"position\":3,\"name\":\"LAUNCH X431 V+ 5.0 + 2 A\u00d1OS&#8230; MULTIMARCA\"}]},{\"@type\":\"WebSite\",\"@id\":\"https:\\\/\\\/jmicomputer.blog\\\/#website\",\"url\":\"https:\\\/\\\/jmicomputer.blog\\\/\",\"name\":\"jmicomputer.blog\",\"description\":\"Diagnostico y Reprogramaci\u00f3n ECU - Stage 1 Ecu Files - Chiptuning Files\",\"publisher\":{\"@id\":\"https:\\\/\\\/jmicomputer.blog\\\/#organization\"},\"alternateName\":\"Jmi Diagnosis\",\"potentialAction\":[{\"@type\":\"SearchAction\",\"target\":{\"@type\":\"EntryPoint\",\"urlTemplate\":\"https:\\\/\\\/jmicomputer.blog\\\/?s={search_term_string}\"},\"query-input\":{\"@type\":\"PropertyValueSpecification\",\"valueRequired\":true,\"valueName\":\"search_term_string\"}}],\"inLanguage\":\"en-US\"},{\"@type\":\"Organization\",\"@id\":\"https:\\\/\\\/jmicomputer.blog\\\/#organization\",\"name\":\"jmicomputer.blog\",\"alternateName\":\"Jmicomputer\",\"url\":\"https:\\\/\\\/jmicomputer.blog\\\/\",\"logo\":{\"@type\":\"ImageObject\",\"inLanguage\":\"en-US\",\"@id\":\"https:\\\/\\\/jmicomputer.blog\\\/#\\\/schema\\\/logo\\\/image\\\/\",\"url\":\"https:\\\/\\\/jmicomputer.blog\\\/wp-content\\\/uploads\\\/2026\\\/03\\\/cropped-Gemini_Generated_Image_i1mj0ki1mj0ki1mj-1.webp\",\"contentUrl\":\"https:\\\/\\\/jmicomputer.blog\\\/wp-content\\\/uploads\\\/2026\\\/03\\\/cropped-Gemini_Generated_Image_i1mj0ki1mj0ki1mj-1.webp\",\"width\":512,\"height\":512,\"caption\":\"jmicomputer.blog\"},\"image\":{\"@id\":\"https:\\\/\\\/jmicomputer.blog\\\/#\\\/schema\\\/logo\\\/image\\\/\"},\"sameAs\":[\"https:\\\/\\\/www.facebook.com\\\/jmicomputer.blog\"]}]}<\/script>\n<!-- \/ Yoast SEO plugin. -->","yoast_head_json":{"title":"LAUNCH X431 V+ 5.0 + 2 A\u00d1OS... MULTIMARCA","description":"LAUNCH X431 V+ 5.0 + 2 A\u00d1OS... MULTIMARCA Diagnostico y Reprogramaci\u00f3n ECU - Stage 1 Ecu Files - Chiptuning Files","robots":{"index":"index","follow":"follow","max-snippet":"max-snippet:-1","max-image-preview":"max-image-preview:large","max-video-preview":"max-video-preview:-1"},"canonical":"https:\/\/jmicomputer.blog\/en\/product\/launch-x431-v-5-0-2-anos-multimarca\/","og_locale":"en_US","og_type":"article","og_title":"LAUNCH X431 V+ 5.0 + 2 A\u00d1OS... MULTIMARCA","og_description":"LAUNCH X431 V+ 5.0 + 2 A\u00d1OS... MULTIMARCA Diagnostico y Reprogramaci\u00f3n ECU - Stage 1 Ecu Files - Chiptuning Files","og_url":"https:\/\/jmicomputer.blog\/en\/product\/launch-x431-v-5-0-2-anos-multimarca\/","og_site_name":"Jmicomputer Diagnosis","article_publisher":"https:\/\/www.facebook.com\/jmicomputer.blog","article_modified_time":"2026-04-05T15:11:08+00:00","og_image":[{"width":264,"height":264,"url":"https:\/\/jmicomputer.blog\/wp-content\/uploads\/2026\/04\/comprar-launch-x431-v-2.jpg","type":"image\/jpeg"}],"twitter_card":"summary_large_image","twitter_misc":{"Est. reading time":"3 minutes"},"schema":{"@context":"https:\/\/schema.org","@graph":[{"@type":"WebPage","@id":"https:\/\/jmicomputer.blog\/en\/product\/launch-x431-v-5-0-2-anos-multimarca\/","url":"https:\/\/jmicomputer.blog\/en\/product\/launch-x431-v-5-0-2-anos-multimarca\/","name":"LAUNCH X431 V+ 5.0 + 2 A\u00d1OS... MULTIMARCA","isPartOf":{"@id":"https:\/\/jmicomputer.blog\/#website"},"primaryImageOfPage":{"@id":"https:\/\/jmicomputer.blog\/en\/product\/launch-x431-v-5-0-2-anos-multimarca\/#primaryimage"},"image":{"@id":"https:\/\/jmicomputer.blog\/en\/product\/launch-x431-v-5-0-2-anos-multimarca\/#primaryimage"},"thumbnailUrl":"https:\/\/jmicomputer.blog\/wp-content\/uploads\/2026\/04\/comprar-launch-x431-v-2.jpg","datePublished":"2026-04-05T14:39:38+00:00","dateModified":"2026-04-05T15:11:08+00:00","description":"LAUNCH X431 V+ 5.0 + 2 A\u00d1OS... MULTIMARCA Diagnostico y Reprogramaci\u00f3n ECU - Stage 1 Ecu Files - Chiptuning Files","breadcrumb":{"@id":"https:\/\/jmicomputer.blog\/en\/product\/launch-x431-v-5-0-2-anos-multimarca\/#breadcrumb"},"inLanguage":"en-US","potentialAction":[{"@type":"ReadAction","target":["https:\/\/jmicomputer.blog\/en\/product\/launch-x431-v-5-0-2-anos-multimarca\/"]}]},{"@type":"ImageObject","inLanguage":"en-US","@id":"https:\/\/jmicomputer.blog\/en\/product\/launch-x431-v-5-0-2-anos-multimarca\/#primaryimage","url":"https:\/\/jmicomputer.blog\/wp-content\/uploads\/2026\/04\/comprar-launch-x431-v-2.jpg","contentUrl":"https:\/\/jmicomputer.blog\/wp-content\/uploads\/2026\/04\/comprar-launch-x431-v-2.jpg","width":264,"height":264},{"@type":"BreadcrumbList","@id":"https:\/\/jmicomputer.blog\/en\/product\/launch-x431-v-5-0-2-anos-multimarca\/#breadcrumb","itemListElement":[{"@type":"ListItem","position":1,"name":"Portada","item":"https:\/\/jmicomputer.blog\/"},{"@type":"ListItem","position":2,"name":"Tienda Diagnosis Stage 1 Ecu Files","item":"https:\/\/jmicomputer.blog\/"},{"@type":"ListItem","position":3,"name":"LAUNCH X431 V+ 5.0 + 2 A\u00d1OS&#8230; MULTIMARCA"}]},{"@type":"WebSite","@id":"https:\/\/jmicomputer.blog\/#website","url":"https:\/\/jmicomputer.blog\/","name":"jmicomputer.blog","description":"Diagnostico y Reprogramaci\u00f3n ECU - Stage 1 Ecu Files - Chiptuning Files","publisher":{"@id":"https:\/\/jmicomputer.blog\/#organization"},"alternateName":"Jmi Diagnosis","potentialAction":[{"@type":"SearchAction","target":{"@type":"EntryPoint","urlTemplate":"https:\/\/jmicomputer.blog\/?s={search_term_string}"},"query-input":{"@type":"PropertyValueSpecification","valueRequired":true,"valueName":"search_term_string"}}],"inLanguage":"en-US"},{"@type":"Organization","@id":"https:\/\/jmicomputer.blog\/#organization","name":"jmicomputer.blog","alternateName":"Jmicomputer","url":"https:\/\/jmicomputer.blog\/","logo":{"@type":"ImageObject","inLanguage":"en-US","@id":"https:\/\/jmicomputer.blog\/#\/schema\/logo\/image\/","url":"https:\/\/jmicomputer.blog\/wp-content\/uploads\/2026\/03\/cropped-Gemini_Generated_Image_i1mj0ki1mj0ki1mj-1.webp","contentUrl":"https:\/\/jmicomputer.blog\/wp-content\/uploads\/2026\/03\/cropped-Gemini_Generated_Image_i1mj0ki1mj0ki1mj-1.webp","width":512,"height":512,"caption":"jmicomputer.blog"},"image":{"@id":"https:\/\/jmicomputer.blog\/#\/schema\/logo\/image\/"},"sameAs":["https:\/\/www.facebook.com\/jmicomputer.blog"]}]}},"_links":{"self":[{"href":"https:\/\/jmicomputer.blog\/en\/wp-json\/wp\/v2\/product\/5977","targetHints":{"allow":["GET"]}}],"collection":[{"href":"https:\/\/jmicomputer.blog\/en\/wp-json\/wp\/v2\/product"}],"about":[{"href":"https:\/\/jmicomputer.blog\/en\/wp-json\/wp\/v2\/types\/product"}],"wp:featuredmedia":[{"embeddable":true,"href":"https:\/\/jmicomputer.blog\/en\/wp-json\/wp\/v2\/media\/6015"}],"wp:attachment":[{"href":"https:\/\/jmicomputer.blog\/en\/wp-json\/wp\/v2\/media?parent=5977"}],"wp:term":[{"taxonomy":"product_brand","embeddable":true,"href":"https:\/\/jmicomputer.blog\/en\/wp-json\/wp\/v2\/product_brand?post=5977"},{"taxonomy":"product_cat","embeddable":true,"href":"https:\/\/jmicomputer.blog\/en\/wp-json\/wp\/v2\/product_cat?post=5977"},{"taxonomy":"product_tag","embeddable":true,"href":"https:\/\/jmicomputer.blog\/en\/wp-json\/wp\/v2\/product_tag?post=5977"}],"curies":[{"name":"wp","href":"https:\/\/api.w.org\/{rel}","templated":true}]}}