{"id":5973,"date":"2026-04-05T16:39:38","date_gmt":"2026-04-05T14:39:38","guid":{"rendered":"https:\/\/jmicomputer.blog\/producto\/launch-crp-429-multimarca\/"},"modified":"2026-04-05T17:11:08","modified_gmt":"2026-04-05T15:11:08","slug":"launch-crp-429-multimarca","status":"publish","type":"product","link":"https:\/\/jmicomputer.blog\/en\/product\/launch-crp-429-multimarca\/","title":{"rendered":"LAUNCH CRP 429 MULTIMARCA"},"content":{"rendered":"<p>Soporta 40 marcas de coche,\u00a0Europeas, Asi\u00e1ticas y Americanas.Diagnostica todas las unidades de control del veh\u00edculo, las actualizaciones se hacen f\u00e1cilmente por internet y su manejo es f\u00e1cil e intuitivo.Conectifvidad Wi-Fi y Pantalla Touch Panel\u00a0en lo cual lo hace casi \u00fanico por sus funciones y expandibilidadCARACTERISTICASS.O.:\u00a0Android 7.0CPU: Quad\u00a0core A5RAM: 1GBAlmacenamiento:\u00a04 Gb Internos y opcionalmente, hasta 32Gb con SDPantalla:\u00a05\u2033 Multit\u00e1ctil o Pantalla Touch\u00a0capacitativaConectividad:\u00a0Wi-FiBateria:\u00a0Iones de litio 4000mAhCamara: NoHARDWARE POTENTE: el procesador A5 quad-core instalado, ahorra mucho tiempo de arranque Y la recuperaci\u00f3n y an\u00e1lisis de datos es muy r\u00e1pido; la pantalla t\u00e1ctil es tan liviana como los tel\u00e9fonos m\u00f3viles, mejorando significativamente la experiencia del usuario con 1GB de RAM y una bater\u00eda 4000 mAh sobre Android 7.0FUNCIONES OBD:Leer componentesLeer c\u00f3digos de errorBorrar c\u00f3digos de errorTest de fugas canisterTest de estado de sistemaLees informaci\u00f3n del veh\u00edculo (VIN, etc)Leer c\u00f3digos permanentesLeer datos din\u00e1micosLeer c\u00f3digos no permanentesDetecci\u00f3n del sensor de ox\u00edgenoGr\u00e1ficos OBDFUNCIONES NO OBD:Marcas soportadas:\u00a040 por protocolo de fabricanteSistemas diagnosticables:\u00a0TodosFunciones soportadas, leer y borrar c\u00f3digos y componentesFunciones especiales,\u00a0Reset del aceite, reset de frenos, etc.\u00a0 \u00a0 \u00a0 \u00a0 Este equipo\u00a0cuenta con un servicio especial de restablecimiento de aceite, EPB \/ SAS \/ DPF \/ BMS \/ IMMO y servicio de reinicio de los inyectores.Contenido:Esc\u00e1ner original LAUNCH CRP 429Conector OBDIIConector a corriente el\u00e9ctrica con entrada USBCable USB para conexi\u00f3n a electricidad y para actualizacionesEstuche para transporteAcepta coches y camiones ligeros a partir del a\u00f1o 1996 hasta la actualidad.Idioma Espa\u00f1ol.Actualizaciones gratuitas durante un periodo de un a\u00f1o.Launch CRP 429, Listado de Cobertura1. \u00a0 \u00a0 \u00a0 \u00a0 ACURA\u00a02. \u00a0 \u00a0 \u00a0 \u00a0ALFA ROMEO3. \u00a0 \u00a0 \u00a0 \u00a0AUDI\u00a04.\u00a0\u00a0\u00a0\u00a0\u00a0\u00a0\u00a0\u00a0BMW \/ MINI\u00a05.\u00a0\u00a0\u00a0\u00a0\u00a0\u00a0\u00a0\u00a0CHRYSLER\u00a06.\u00a0\u00a0\u00a0\u00a0\u00a0\u00a0\u00a0\u00a0CITR\u00d6EN \u00a07.\u00a0\u00a0\u00a0\u00a0\u00a0\u00a0\u00a0\u00a0DACIA\u00a08.\u00a0\u00a0\u00a0\u00a0\u00a0\u00a0\u00a0\u00a0DAEWOO\u00a09.\u00a0\u00a0\u00a0\u00a0\u00a0\u00a0\u00a0\u00a0EU-FORD\u00a010.\u00a0\u00a0\u00a0\u00a0\u00a0FIAT\u00a011.\u00a0\u00a0\u00a0\u00a0\u00a0GM\u00a012.\u00a0\u00a0\u00a0\u00a0\u00a0HONDA\u00a013.\u00a0\u00a0\u00a0\u00a0\u00a0HYUNDAI\u00a014.\u00a0\u00a0\u00a0\u00a0\u00a0INFINITI\u00a015.\u00a0\u00a0\u00a0\u00a0\u00a0JAGUAR\u00a016.\u00a0\u00a0\u00a0\u00a0\u00a0JPISUZU\u00a017.\u00a0\u00a0\u00a0\u00a0\u00a0KIA\u00a018.\u00a0\u00a0\u00a0\u00a0\u00a0LANCIA\u00a019.\u00a0\u00a0\u00a0\u00a0\u00a0LANDROVER\u00a020.\u00a0\u00a0\u00a0\u00a0\u00a0LEXUS\u00a021.\u00a0\u00a0\u00a0\u00a0\u00a0MAZDA\u00a022.\u00a0\u00a0\u00a0\u00a0\u00a0MB-SPRINTER\u00a023.\u00a0\u00a0\u00a0\u00a0\u00a0MERCEDEZ-BENZ\u00a024.\u00a0\u00a0\u00a0\u00a0\u00a0MITSUBISHI\u00a025.\u00a0\u00a0\u00a0\u00a0\u00a0NISSAN\u00a026.\u00a0\u00a0\u00a0\u00a0\u00a0OPEL\u00a027.\u00a0\u00a0\u00a0\u00a0\u00a0PEUGEOT\u00a028.\u00a0\u00a0\u00a0\u00a0\u00a0PORSCHE\u00a029.\u00a0\u00a0\u00a0\u00a0\u00a0RENAULT\u00a030.\u00a0\u00a0\u00a0\u00a0\u00a0SAAB\u00a031.\u00a0\u00a0\u00a0\u00a0\u00a0SEAT\u00a032.\u00a0\u00a0\u00a0\u00a0\u00a0SKODA\u00a033.\u00a0\u00a0\u00a0\u00a0\u00a0SMART\u00a034.\u00a0\u00a0\u00a0\u00a0\u00a0SUBARU\u00a035.\u00a0\u00a0\u00a0\u00a0\u00a0SUZUKI\u00a036.\u00a0\u00a0\u00a0\u00a0\u00a0TOYOTA\u00a037.\u00a0\u00a0\u00a0\u00a0\u00a0USAFORD\u00a038.\u00a0\u00a0\u00a0\u00a0\u00a0VAUXHALL\u00a039.\u00a0\u00a0\u00a0\u00a0\u00a0VOLVO\u00a040.\u00a0\u00a0\u00a0\u00a0\u00a0VW\u00a0LAUNCH CRP 429<\/p>","protected":false},"excerpt":{"rendered":"<p>Launch CRP 429, nuevo equipo de diagn\u00f3stico multimarca\u00a0cuyo software est\u00e1 desarrollado para trabajar con las unidades de control y las funciones de trabajo m\u00e1s importantes, desactivando las de programaci\u00f3n, codificaci\u00f3n y ajuste b\u00e1sico, para una mayor sencillez del equipo y as\u00ed conseguir tambi\u00e9n un producto de diagnosis m\u00e1s econ\u00f3mico.<\/p>","protected":false},"featured_media":6012,"template":"","meta":{"_acf_changed":false,"_joinchat":[]},"product_brand":[1285],"product_cat":[1278],"product_tag":[1279],"class_list":{"0":"post-5973","1":"product","2":"type-product","3":"status-publish","4":"has-post-thumbnail","6":"product_brand-launch","7":"product_cat-multimarca-2","8":"product_tag-diagnosis-multimarca","10":"first","11":"instock","12":"taxable","13":"shipping-taxable","14":"purchasable","15":"product-type-simple"},"acf":[],"yoast_head":"<!-- This site is optimized with the Yoast SEO plugin v27.4 - https:\/\/yoast.com\/product\/yoast-seo-wordpress\/ -->\n<title>LAUNCH CRP 429 MULTIMARCA<\/title>\n<meta name=\"description\" content=\"LAUNCH CRP 429 MULTIMARCA Diagnostico y Reprogramaci\u00f3n ECU - Stage 1 Ecu Files - Chiptuning Files\" \/>\n<meta name=\"robots\" content=\"index, follow, max-snippet:-1, max-image-preview:large, max-video-preview:-1\" \/>\n<link rel=\"canonical\" href=\"https:\/\/jmicomputer.blog\/en\/product\/launch-crp-429-multimarca\/\" \/>\n<meta property=\"og:locale\" content=\"en_US\" \/>\n<meta property=\"og:type\" content=\"article\" \/>\n<meta property=\"og:title\" content=\"LAUNCH CRP 429 MULTIMARCA\" \/>\n<meta property=\"og:description\" content=\"LAUNCH CRP 429 MULTIMARCA Diagnostico y Reprogramaci\u00f3n ECU - Stage 1 Ecu Files - Chiptuning Files\" \/>\n<meta property=\"og:url\" content=\"https:\/\/jmicomputer.blog\/en\/product\/launch-crp-429-multimarca\/\" \/>\n<meta property=\"og:site_name\" content=\"Jmicomputer Diagnosis\" \/>\n<meta property=\"article:publisher\" content=\"https:\/\/www.facebook.com\/jmicomputer.blog\" \/>\n<meta property=\"article:modified_time\" content=\"2026-04-05T15:11:08+00:00\" \/>\n<meta property=\"og:image\" content=\"https:\/\/jmicomputer.blog\/wp-content\/uploads\/2026\/04\/comprar-launch-crp-429-1.jpg\" \/>\n\t<meta property=\"og:image:width\" content=\"264\" \/>\n\t<meta property=\"og:image:height\" content=\"264\" \/>\n\t<meta property=\"og:image:type\" content=\"image\/jpeg\" \/>\n<meta name=\"twitter:card\" content=\"summary_large_image\" \/>\n<meta name=\"twitter:label1\" content=\"Est. reading time\" \/>\n\t<meta name=\"twitter:data1\" content=\"2 minutes\" \/>\n<script type=\"application\/ld+json\" class=\"yoast-schema-graph\">{\"@context\":\"https:\\\/\\\/schema.org\",\"@graph\":[{\"@type\":\"WebPage\",\"@id\":\"https:\\\/\\\/jmicomputer.blog\\\/en\\\/product\\\/launch-crp-429-multimarca\\\/\",\"url\":\"https:\\\/\\\/jmicomputer.blog\\\/en\\\/product\\\/launch-crp-429-multimarca\\\/\",\"name\":\"LAUNCH CRP 429 MULTIMARCA\",\"isPartOf\":{\"@id\":\"https:\\\/\\\/jmicomputer.blog\\\/#website\"},\"primaryImageOfPage\":{\"@id\":\"https:\\\/\\\/jmicomputer.blog\\\/en\\\/product\\\/launch-crp-429-multimarca\\\/#primaryimage\"},\"image\":{\"@id\":\"https:\\\/\\\/jmicomputer.blog\\\/en\\\/product\\\/launch-crp-429-multimarca\\\/#primaryimage\"},\"thumbnailUrl\":\"https:\\\/\\\/jmicomputer.blog\\\/wp-content\\\/uploads\\\/2026\\\/04\\\/comprar-launch-crp-429-1.jpg\",\"datePublished\":\"2026-04-05T14:39:38+00:00\",\"dateModified\":\"2026-04-05T15:11:08+00:00\",\"description\":\"LAUNCH CRP 429 MULTIMARCA Diagnostico y Reprogramaci\u00f3n ECU - Stage 1 Ecu Files - Chiptuning Files\",\"breadcrumb\":{\"@id\":\"https:\\\/\\\/jmicomputer.blog\\\/en\\\/product\\\/launch-crp-429-multimarca\\\/#breadcrumb\"},\"inLanguage\":\"en-US\",\"potentialAction\":[{\"@type\":\"ReadAction\",\"target\":[\"https:\\\/\\\/jmicomputer.blog\\\/en\\\/product\\\/launch-crp-429-multimarca\\\/\"]}]},{\"@type\":\"ImageObject\",\"inLanguage\":\"en-US\",\"@id\":\"https:\\\/\\\/jmicomputer.blog\\\/en\\\/product\\\/launch-crp-429-multimarca\\\/#primaryimage\",\"url\":\"https:\\\/\\\/jmicomputer.blog\\\/wp-content\\\/uploads\\\/2026\\\/04\\\/comprar-launch-crp-429-1.jpg\",\"contentUrl\":\"https:\\\/\\\/jmicomputer.blog\\\/wp-content\\\/uploads\\\/2026\\\/04\\\/comprar-launch-crp-429-1.jpg\",\"width\":264,\"height\":264},{\"@type\":\"BreadcrumbList\",\"@id\":\"https:\\\/\\\/jmicomputer.blog\\\/en\\\/product\\\/launch-crp-429-multimarca\\\/#breadcrumb\",\"itemListElement\":[{\"@type\":\"ListItem\",\"position\":1,\"name\":\"Portada\",\"item\":\"https:\\\/\\\/jmicomputer.blog\\\/\"},{\"@type\":\"ListItem\",\"position\":2,\"name\":\"Tienda Diagnosis Stage 1 Ecu Files\",\"item\":\"https:\\\/\\\/jmicomputer.blog\\\/\"},{\"@type\":\"ListItem\",\"position\":3,\"name\":\"LAUNCH CRP 429 MULTIMARCA\"}]},{\"@type\":\"WebSite\",\"@id\":\"https:\\\/\\\/jmicomputer.blog\\\/#website\",\"url\":\"https:\\\/\\\/jmicomputer.blog\\\/\",\"name\":\"jmicomputer.blog\",\"description\":\"Diagnostico y Reprogramaci\u00f3n ECU - Stage 1 Ecu Files - Chiptuning Files\",\"publisher\":{\"@id\":\"https:\\\/\\\/jmicomputer.blog\\\/#organization\"},\"alternateName\":\"Jmi Diagnosis\",\"potentialAction\":[{\"@type\":\"SearchAction\",\"target\":{\"@type\":\"EntryPoint\",\"urlTemplate\":\"https:\\\/\\\/jmicomputer.blog\\\/?s={search_term_string}\"},\"query-input\":{\"@type\":\"PropertyValueSpecification\",\"valueRequired\":true,\"valueName\":\"search_term_string\"}}],\"inLanguage\":\"en-US\"},{\"@type\":\"Organization\",\"@id\":\"https:\\\/\\\/jmicomputer.blog\\\/#organization\",\"name\":\"jmicomputer.blog\",\"alternateName\":\"Jmicomputer\",\"url\":\"https:\\\/\\\/jmicomputer.blog\\\/\",\"logo\":{\"@type\":\"ImageObject\",\"inLanguage\":\"en-US\",\"@id\":\"https:\\\/\\\/jmicomputer.blog\\\/#\\\/schema\\\/logo\\\/image\\\/\",\"url\":\"https:\\\/\\\/jmicomputer.blog\\\/wp-content\\\/uploads\\\/2026\\\/03\\\/cropped-Gemini_Generated_Image_i1mj0ki1mj0ki1mj-1.webp\",\"contentUrl\":\"https:\\\/\\\/jmicomputer.blog\\\/wp-content\\\/uploads\\\/2026\\\/03\\\/cropped-Gemini_Generated_Image_i1mj0ki1mj0ki1mj-1.webp\",\"width\":512,\"height\":512,\"caption\":\"jmicomputer.blog\"},\"image\":{\"@id\":\"https:\\\/\\\/jmicomputer.blog\\\/#\\\/schema\\\/logo\\\/image\\\/\"},\"sameAs\":[\"https:\\\/\\\/www.facebook.com\\\/jmicomputer.blog\"]}]}<\/script>\n<!-- \/ Yoast SEO plugin. -->","yoast_head_json":{"title":"LAUNCH CRP 429 MULTIMARCA","description":"LAUNCH CRP 429 MULTIMARCA Diagnostico y Reprogramaci\u00f3n ECU - Stage 1 Ecu Files - Chiptuning Files","robots":{"index":"index","follow":"follow","max-snippet":"max-snippet:-1","max-image-preview":"max-image-preview:large","max-video-preview":"max-video-preview:-1"},"canonical":"https:\/\/jmicomputer.blog\/en\/product\/launch-crp-429-multimarca\/","og_locale":"en_US","og_type":"article","og_title":"LAUNCH CRP 429 MULTIMARCA","og_description":"LAUNCH CRP 429 MULTIMARCA Diagnostico y Reprogramaci\u00f3n ECU - Stage 1 Ecu Files - Chiptuning Files","og_url":"https:\/\/jmicomputer.blog\/en\/product\/launch-crp-429-multimarca\/","og_site_name":"Jmicomputer Diagnosis","article_publisher":"https:\/\/www.facebook.com\/jmicomputer.blog","article_modified_time":"2026-04-05T15:11:08+00:00","og_image":[{"width":264,"height":264,"url":"https:\/\/jmicomputer.blog\/wp-content\/uploads\/2026\/04\/comprar-launch-crp-429-1.jpg","type":"image\/jpeg"}],"twitter_card":"summary_large_image","twitter_misc":{"Est. reading time":"2 minutes"},"schema":{"@context":"https:\/\/schema.org","@graph":[{"@type":"WebPage","@id":"https:\/\/jmicomputer.blog\/en\/product\/launch-crp-429-multimarca\/","url":"https:\/\/jmicomputer.blog\/en\/product\/launch-crp-429-multimarca\/","name":"LAUNCH CRP 429 MULTIMARCA","isPartOf":{"@id":"https:\/\/jmicomputer.blog\/#website"},"primaryImageOfPage":{"@id":"https:\/\/jmicomputer.blog\/en\/product\/launch-crp-429-multimarca\/#primaryimage"},"image":{"@id":"https:\/\/jmicomputer.blog\/en\/product\/launch-crp-429-multimarca\/#primaryimage"},"thumbnailUrl":"https:\/\/jmicomputer.blog\/wp-content\/uploads\/2026\/04\/comprar-launch-crp-429-1.jpg","datePublished":"2026-04-05T14:39:38+00:00","dateModified":"2026-04-05T15:11:08+00:00","description":"LAUNCH CRP 429 MULTIMARCA Diagnostico y Reprogramaci\u00f3n ECU - Stage 1 Ecu Files - Chiptuning Files","breadcrumb":{"@id":"https:\/\/jmicomputer.blog\/en\/product\/launch-crp-429-multimarca\/#breadcrumb"},"inLanguage":"en-US","potentialAction":[{"@type":"ReadAction","target":["https:\/\/jmicomputer.blog\/en\/product\/launch-crp-429-multimarca\/"]}]},{"@type":"ImageObject","inLanguage":"en-US","@id":"https:\/\/jmicomputer.blog\/en\/product\/launch-crp-429-multimarca\/#primaryimage","url":"https:\/\/jmicomputer.blog\/wp-content\/uploads\/2026\/04\/comprar-launch-crp-429-1.jpg","contentUrl":"https:\/\/jmicomputer.blog\/wp-content\/uploads\/2026\/04\/comprar-launch-crp-429-1.jpg","width":264,"height":264},{"@type":"BreadcrumbList","@id":"https:\/\/jmicomputer.blog\/en\/product\/launch-crp-429-multimarca\/#breadcrumb","itemListElement":[{"@type":"ListItem","position":1,"name":"Portada","item":"https:\/\/jmicomputer.blog\/"},{"@type":"ListItem","position":2,"name":"Tienda Diagnosis Stage 1 Ecu Files","item":"https:\/\/jmicomputer.blog\/"},{"@type":"ListItem","position":3,"name":"LAUNCH CRP 429 MULTIMARCA"}]},{"@type":"WebSite","@id":"https:\/\/jmicomputer.blog\/#website","url":"https:\/\/jmicomputer.blog\/","name":"jmicomputer.blog","description":"Diagnostico y Reprogramaci\u00f3n ECU - Stage 1 Ecu Files - Chiptuning Files","publisher":{"@id":"https:\/\/jmicomputer.blog\/#organization"},"alternateName":"Jmi Diagnosis","potentialAction":[{"@type":"SearchAction","target":{"@type":"EntryPoint","urlTemplate":"https:\/\/jmicomputer.blog\/?s={search_term_string}"},"query-input":{"@type":"PropertyValueSpecification","valueRequired":true,"valueName":"search_term_string"}}],"inLanguage":"en-US"},{"@type":"Organization","@id":"https:\/\/jmicomputer.blog\/#organization","name":"jmicomputer.blog","alternateName":"Jmicomputer","url":"https:\/\/jmicomputer.blog\/","logo":{"@type":"ImageObject","inLanguage":"en-US","@id":"https:\/\/jmicomputer.blog\/#\/schema\/logo\/image\/","url":"https:\/\/jmicomputer.blog\/wp-content\/uploads\/2026\/03\/cropped-Gemini_Generated_Image_i1mj0ki1mj0ki1mj-1.webp","contentUrl":"https:\/\/jmicomputer.blog\/wp-content\/uploads\/2026\/03\/cropped-Gemini_Generated_Image_i1mj0ki1mj0ki1mj-1.webp","width":512,"height":512,"caption":"jmicomputer.blog"},"image":{"@id":"https:\/\/jmicomputer.blog\/#\/schema\/logo\/image\/"},"sameAs":["https:\/\/www.facebook.com\/jmicomputer.blog"]}]}},"_links":{"self":[{"href":"https:\/\/jmicomputer.blog\/en\/wp-json\/wp\/v2\/product\/5973","targetHints":{"allow":["GET"]}}],"collection":[{"href":"https:\/\/jmicomputer.blog\/en\/wp-json\/wp\/v2\/product"}],"about":[{"href":"https:\/\/jmicomputer.blog\/en\/wp-json\/wp\/v2\/types\/product"}],"wp:featuredmedia":[{"embeddable":true,"href":"https:\/\/jmicomputer.blog\/en\/wp-json\/wp\/v2\/media\/6012"}],"wp:attachment":[{"href":"https:\/\/jmicomputer.blog\/en\/wp-json\/wp\/v2\/media?parent=5973"}],"wp:term":[{"taxonomy":"product_brand","embeddable":true,"href":"https:\/\/jmicomputer.blog\/en\/wp-json\/wp\/v2\/product_brand?post=5973"},{"taxonomy":"product_cat","embeddable":true,"href":"https:\/\/jmicomputer.blog\/en\/wp-json\/wp\/v2\/product_cat?post=5973"},{"taxonomy":"product_tag","embeddable":true,"href":"https:\/\/jmicomputer.blog\/en\/wp-json\/wp\/v2\/product_tag?post=5973"}],"curies":[{"name":"wp","href":"https:\/\/api.w.org\/{rel}","templated":true}]}}