{"id":5959,"date":"2026-04-05T16:39:34","date_gmt":"2026-04-05T14:39:34","guid":{"rendered":"https:\/\/jmicomputer.blog\/producto\/kit-de-cables-coche-launch-multimarca\/"},"modified":"2026-04-05T17:11:04","modified_gmt":"2026-04-05T15:11:04","slug":"kit-de-cables-coche-launch-multimarca","status":"publish","type":"product","link":"https:\/\/jmicomputer.blog\/en\/product\/kit-de-cables-coche-launch-multimarca\/","title":{"rendered":"KIT DE CABLES COCHE LAUNCH MULTIMARCA"},"content":{"rendered":"<p>El kit adaptador Launch sin OBDII incluye 16 conectores: para Mercedes 14\/38, Nissan 14+16, BMW 20, Chrysler 6, Ford 6+1, GM\/VAZ 12, Honda 3, Kia 20, Mitsubishi\/Hyundai 12+16, Toyota 17\/22. Incluye cable de alimentaci\u00f3n de doble abrazadera, cable de encendedor, fusible Clipper de 5 x 20 mm (4 unidades), fusible de encendedor de 6 x 30 mm (2 unidades). Incluye un estuche de transporte profesional.El kit adaptador LAUNCH sin 16 pines para turismos incluye:<\/p>\n<p>Conector:DBScar, para conector de diagn\u00f3stico BENZ-14, tipo de l\u00ednea RoHSDBScar, para conector de diagn\u00f3stico BENZ-38 (mango peque\u00f1o) ROHSDBScar, para NISSAN-14+16 Conector de diagn\u00f3stico ROHSDBscar, para BMW-20 Conector de diagn\u00f3stico integrado ROHSDBScar, para CHRYSLER-6 Conector de diagn\u00f3stico integrado ROHSDBScar, para FORD-6+1 Conector de diagn\u00f3stico integrado ROHSDBSdar, para conector de diagn\u00f3stico GM\/VAZ-12 integrado ROHSDBSdar, para conector de diagn\u00f3stico HONDA-3 integrado ROHSDescar, para conector de diagn\u00f3stico KIA-20 integrado ROHSDBScar, para MITSUBISHI\/HYUNDAI &#8211; Conector de diagn\u00f3stico ROHS 12+16DBScar, para TOYOTA-17 Conector de diagn\u00f3stico integrado ROHSDBscar, para TOYOTA-22 Conector de diagn\u00f3stico integrado ROHS<br \/>\nCable de prueba:L\u00ednea de encendedores (en ingl\u00e9s) ROHSCable de alimentaci\u00f3n de doble abrazadera JIngl\u00e9s ROHS<br \/>\nAccesorios:Fusible 5*20mmFusible 6*30mm<\/p>","protected":false},"excerpt":{"rendered":"<p>Kit de cables para turismos no 16 pines, marca Launch<\/p>","protected":false},"featured_media":6003,"template":"","meta":{"_acf_changed":false,"_joinchat":[]},"product_brand":[1285],"product_cat":[1278],"product_tag":[1279],"class_list":{"0":"post-5959","1":"product","2":"type-product","3":"status-publish","4":"has-post-thumbnail","6":"product_brand-launch","7":"product_cat-multimarca-2","8":"product_tag-diagnosis-multimarca","10":"first","11":"instock","12":"taxable","13":"shipping-taxable","14":"purchasable","15":"product-type-simple"},"acf":[],"yoast_head":"<!-- This site is optimized with the Yoast SEO plugin v27.4 - https:\/\/yoast.com\/product\/yoast-seo-wordpress\/ -->\n<title>KIT DE CABLES COCHE LAUNCH MULTIMARCA<\/title>\n<meta name=\"description\" content=\"KIT DE CABLES COCHE LAUNCH MULTIMARCA Diagnostico y Reprogramaci\u00f3n ECU - Stage 1 Ecu Files - Chiptuning Files\" \/>\n<meta name=\"robots\" content=\"index, follow, max-snippet:-1, max-image-preview:large, max-video-preview:-1\" \/>\n<link rel=\"canonical\" href=\"https:\/\/jmicomputer.blog\/en\/product\/kit-de-cables-coche-launch-multimarca\/\" \/>\n<meta property=\"og:locale\" content=\"en_US\" \/>\n<meta property=\"og:type\" content=\"article\" \/>\n<meta property=\"og:title\" content=\"KIT DE CABLES COCHE LAUNCH MULTIMARCA\" \/>\n<meta property=\"og:description\" content=\"KIT DE CABLES COCHE LAUNCH MULTIMARCA Diagnostico y Reprogramaci\u00f3n ECU - Stage 1 Ecu Files - Chiptuning Files\" \/>\n<meta property=\"og:url\" content=\"https:\/\/jmicomputer.blog\/en\/product\/kit-de-cables-coche-launch-multimarca\/\" \/>\n<meta property=\"og:site_name\" content=\"Jmicomputer Diagnosis\" \/>\n<meta property=\"article:publisher\" content=\"https:\/\/www.facebook.com\/jmicomputer.blog\" \/>\n<meta property=\"article:modified_time\" content=\"2026-04-05T15:11:04+00:00\" \/>\n<meta property=\"og:image\" content=\"https:\/\/jmicomputer.blog\/wp-content\/uploads\/2026\/04\/comprar-kit-de-cables-coches-launch-1.jpg\" \/>\n\t<meta property=\"og:image:width\" content=\"264\" \/>\n\t<meta property=\"og:image:height\" content=\"264\" \/>\n\t<meta property=\"og:image:type\" content=\"image\/jpeg\" \/>\n<meta name=\"twitter:card\" content=\"summary_large_image\" \/>\n<meta name=\"twitter:label1\" content=\"Est. reading time\" \/>\n\t<meta name=\"twitter:data1\" content=\"1 minute\" \/>\n<script type=\"application\/ld+json\" class=\"yoast-schema-graph\">{\"@context\":\"https:\\\/\\\/schema.org\",\"@graph\":[{\"@type\":\"WebPage\",\"@id\":\"https:\\\/\\\/jmicomputer.blog\\\/en\\\/product\\\/kit-de-cables-coche-launch-multimarca\\\/\",\"url\":\"https:\\\/\\\/jmicomputer.blog\\\/en\\\/product\\\/kit-de-cables-coche-launch-multimarca\\\/\",\"name\":\"KIT DE CABLES COCHE LAUNCH MULTIMARCA\",\"isPartOf\":{\"@id\":\"https:\\\/\\\/jmicomputer.blog\\\/#website\"},\"primaryImageOfPage\":{\"@id\":\"https:\\\/\\\/jmicomputer.blog\\\/en\\\/product\\\/kit-de-cables-coche-launch-multimarca\\\/#primaryimage\"},\"image\":{\"@id\":\"https:\\\/\\\/jmicomputer.blog\\\/en\\\/product\\\/kit-de-cables-coche-launch-multimarca\\\/#primaryimage\"},\"thumbnailUrl\":\"https:\\\/\\\/jmicomputer.blog\\\/wp-content\\\/uploads\\\/2026\\\/04\\\/comprar-kit-de-cables-coches-launch-1.jpg\",\"datePublished\":\"2026-04-05T14:39:34+00:00\",\"dateModified\":\"2026-04-05T15:11:04+00:00\",\"description\":\"KIT DE CABLES COCHE LAUNCH MULTIMARCA Diagnostico y Reprogramaci\u00f3n ECU - Stage 1 Ecu Files - Chiptuning Files\",\"breadcrumb\":{\"@id\":\"https:\\\/\\\/jmicomputer.blog\\\/en\\\/product\\\/kit-de-cables-coche-launch-multimarca\\\/#breadcrumb\"},\"inLanguage\":\"en-US\",\"potentialAction\":[{\"@type\":\"ReadAction\",\"target\":[\"https:\\\/\\\/jmicomputer.blog\\\/en\\\/product\\\/kit-de-cables-coche-launch-multimarca\\\/\"]}]},{\"@type\":\"ImageObject\",\"inLanguage\":\"en-US\",\"@id\":\"https:\\\/\\\/jmicomputer.blog\\\/en\\\/product\\\/kit-de-cables-coche-launch-multimarca\\\/#primaryimage\",\"url\":\"https:\\\/\\\/jmicomputer.blog\\\/wp-content\\\/uploads\\\/2026\\\/04\\\/comprar-kit-de-cables-coches-launch-1.jpg\",\"contentUrl\":\"https:\\\/\\\/jmicomputer.blog\\\/wp-content\\\/uploads\\\/2026\\\/04\\\/comprar-kit-de-cables-coches-launch-1.jpg\",\"width\":264,\"height\":264},{\"@type\":\"BreadcrumbList\",\"@id\":\"https:\\\/\\\/jmicomputer.blog\\\/en\\\/product\\\/kit-de-cables-coche-launch-multimarca\\\/#breadcrumb\",\"itemListElement\":[{\"@type\":\"ListItem\",\"position\":1,\"name\":\"Portada\",\"item\":\"https:\\\/\\\/jmicomputer.blog\\\/\"},{\"@type\":\"ListItem\",\"position\":2,\"name\":\"Tienda Diagnosis Stage 1 Ecu Files\",\"item\":\"https:\\\/\\\/jmicomputer.blog\\\/\"},{\"@type\":\"ListItem\",\"position\":3,\"name\":\"KIT DE CABLES COCHE LAUNCH MULTIMARCA\"}]},{\"@type\":\"WebSite\",\"@id\":\"https:\\\/\\\/jmicomputer.blog\\\/#website\",\"url\":\"https:\\\/\\\/jmicomputer.blog\\\/\",\"name\":\"jmicomputer.blog\",\"description\":\"Diagnostico y Reprogramaci\u00f3n ECU - Stage 1 Ecu Files - Chiptuning Files\",\"publisher\":{\"@id\":\"https:\\\/\\\/jmicomputer.blog\\\/#organization\"},\"alternateName\":\"Jmi Diagnosis\",\"potentialAction\":[{\"@type\":\"SearchAction\",\"target\":{\"@type\":\"EntryPoint\",\"urlTemplate\":\"https:\\\/\\\/jmicomputer.blog\\\/?s={search_term_string}\"},\"query-input\":{\"@type\":\"PropertyValueSpecification\",\"valueRequired\":true,\"valueName\":\"search_term_string\"}}],\"inLanguage\":\"en-US\"},{\"@type\":\"Organization\",\"@id\":\"https:\\\/\\\/jmicomputer.blog\\\/#organization\",\"name\":\"jmicomputer.blog\",\"alternateName\":\"Jmicomputer\",\"url\":\"https:\\\/\\\/jmicomputer.blog\\\/\",\"logo\":{\"@type\":\"ImageObject\",\"inLanguage\":\"en-US\",\"@id\":\"https:\\\/\\\/jmicomputer.blog\\\/#\\\/schema\\\/logo\\\/image\\\/\",\"url\":\"https:\\\/\\\/jmicomputer.blog\\\/wp-content\\\/uploads\\\/2026\\\/03\\\/cropped-Gemini_Generated_Image_i1mj0ki1mj0ki1mj-1.webp\",\"contentUrl\":\"https:\\\/\\\/jmicomputer.blog\\\/wp-content\\\/uploads\\\/2026\\\/03\\\/cropped-Gemini_Generated_Image_i1mj0ki1mj0ki1mj-1.webp\",\"width\":512,\"height\":512,\"caption\":\"jmicomputer.blog\"},\"image\":{\"@id\":\"https:\\\/\\\/jmicomputer.blog\\\/#\\\/schema\\\/logo\\\/image\\\/\"},\"sameAs\":[\"https:\\\/\\\/www.facebook.com\\\/jmicomputer.blog\"]}]}<\/script>\n<!-- \/ Yoast SEO plugin. -->","yoast_head_json":{"title":"KIT DE CABLES COCHE LAUNCH MULTIMARCA","description":"KIT DE CABLES COCHE LAUNCH MULTIMARCA Diagnostico y Reprogramaci\u00f3n ECU - Stage 1 Ecu Files - Chiptuning Files","robots":{"index":"index","follow":"follow","max-snippet":"max-snippet:-1","max-image-preview":"max-image-preview:large","max-video-preview":"max-video-preview:-1"},"canonical":"https:\/\/jmicomputer.blog\/en\/product\/kit-de-cables-coche-launch-multimarca\/","og_locale":"en_US","og_type":"article","og_title":"KIT DE CABLES COCHE LAUNCH MULTIMARCA","og_description":"KIT DE CABLES COCHE LAUNCH MULTIMARCA Diagnostico y Reprogramaci\u00f3n ECU - Stage 1 Ecu Files - Chiptuning Files","og_url":"https:\/\/jmicomputer.blog\/en\/product\/kit-de-cables-coche-launch-multimarca\/","og_site_name":"Jmicomputer Diagnosis","article_publisher":"https:\/\/www.facebook.com\/jmicomputer.blog","article_modified_time":"2026-04-05T15:11:04+00:00","og_image":[{"width":264,"height":264,"url":"https:\/\/jmicomputer.blog\/wp-content\/uploads\/2026\/04\/comprar-kit-de-cables-coches-launch-1.jpg","type":"image\/jpeg"}],"twitter_card":"summary_large_image","twitter_misc":{"Est. reading time":"1 minute"},"schema":{"@context":"https:\/\/schema.org","@graph":[{"@type":"WebPage","@id":"https:\/\/jmicomputer.blog\/en\/product\/kit-de-cables-coche-launch-multimarca\/","url":"https:\/\/jmicomputer.blog\/en\/product\/kit-de-cables-coche-launch-multimarca\/","name":"KIT DE CABLES COCHE LAUNCH MULTIMARCA","isPartOf":{"@id":"https:\/\/jmicomputer.blog\/#website"},"primaryImageOfPage":{"@id":"https:\/\/jmicomputer.blog\/en\/product\/kit-de-cables-coche-launch-multimarca\/#primaryimage"},"image":{"@id":"https:\/\/jmicomputer.blog\/en\/product\/kit-de-cables-coche-launch-multimarca\/#primaryimage"},"thumbnailUrl":"https:\/\/jmicomputer.blog\/wp-content\/uploads\/2026\/04\/comprar-kit-de-cables-coches-launch-1.jpg","datePublished":"2026-04-05T14:39:34+00:00","dateModified":"2026-04-05T15:11:04+00:00","description":"KIT DE CABLES COCHE LAUNCH MULTIMARCA Diagnostico y Reprogramaci\u00f3n ECU - Stage 1 Ecu Files - Chiptuning Files","breadcrumb":{"@id":"https:\/\/jmicomputer.blog\/en\/product\/kit-de-cables-coche-launch-multimarca\/#breadcrumb"},"inLanguage":"en-US","potentialAction":[{"@type":"ReadAction","target":["https:\/\/jmicomputer.blog\/en\/product\/kit-de-cables-coche-launch-multimarca\/"]}]},{"@type":"ImageObject","inLanguage":"en-US","@id":"https:\/\/jmicomputer.blog\/en\/product\/kit-de-cables-coche-launch-multimarca\/#primaryimage","url":"https:\/\/jmicomputer.blog\/wp-content\/uploads\/2026\/04\/comprar-kit-de-cables-coches-launch-1.jpg","contentUrl":"https:\/\/jmicomputer.blog\/wp-content\/uploads\/2026\/04\/comprar-kit-de-cables-coches-launch-1.jpg","width":264,"height":264},{"@type":"BreadcrumbList","@id":"https:\/\/jmicomputer.blog\/en\/product\/kit-de-cables-coche-launch-multimarca\/#breadcrumb","itemListElement":[{"@type":"ListItem","position":1,"name":"Portada","item":"https:\/\/jmicomputer.blog\/"},{"@type":"ListItem","position":2,"name":"Tienda Diagnosis Stage 1 Ecu Files","item":"https:\/\/jmicomputer.blog\/"},{"@type":"ListItem","position":3,"name":"KIT DE CABLES COCHE LAUNCH MULTIMARCA"}]},{"@type":"WebSite","@id":"https:\/\/jmicomputer.blog\/#website","url":"https:\/\/jmicomputer.blog\/","name":"jmicomputer.blog","description":"Diagnostico y Reprogramaci\u00f3n ECU - Stage 1 Ecu Files - Chiptuning Files","publisher":{"@id":"https:\/\/jmicomputer.blog\/#organization"},"alternateName":"Jmi Diagnosis","potentialAction":[{"@type":"SearchAction","target":{"@type":"EntryPoint","urlTemplate":"https:\/\/jmicomputer.blog\/?s={search_term_string}"},"query-input":{"@type":"PropertyValueSpecification","valueRequired":true,"valueName":"search_term_string"}}],"inLanguage":"en-US"},{"@type":"Organization","@id":"https:\/\/jmicomputer.blog\/#organization","name":"jmicomputer.blog","alternateName":"Jmicomputer","url":"https:\/\/jmicomputer.blog\/","logo":{"@type":"ImageObject","inLanguage":"en-US","@id":"https:\/\/jmicomputer.blog\/#\/schema\/logo\/image\/","url":"https:\/\/jmicomputer.blog\/wp-content\/uploads\/2026\/03\/cropped-Gemini_Generated_Image_i1mj0ki1mj0ki1mj-1.webp","contentUrl":"https:\/\/jmicomputer.blog\/wp-content\/uploads\/2026\/03\/cropped-Gemini_Generated_Image_i1mj0ki1mj0ki1mj-1.webp","width":512,"height":512,"caption":"jmicomputer.blog"},"image":{"@id":"https:\/\/jmicomputer.blog\/#\/schema\/logo\/image\/"},"sameAs":["https:\/\/www.facebook.com\/jmicomputer.blog"]}]}},"_links":{"self":[{"href":"https:\/\/jmicomputer.blog\/en\/wp-json\/wp\/v2\/product\/5959","targetHints":{"allow":["GET"]}}],"collection":[{"href":"https:\/\/jmicomputer.blog\/en\/wp-json\/wp\/v2\/product"}],"about":[{"href":"https:\/\/jmicomputer.blog\/en\/wp-json\/wp\/v2\/types\/product"}],"wp:featuredmedia":[{"embeddable":true,"href":"https:\/\/jmicomputer.blog\/en\/wp-json\/wp\/v2\/media\/6003"}],"wp:attachment":[{"href":"https:\/\/jmicomputer.blog\/en\/wp-json\/wp\/v2\/media?parent=5959"}],"wp:term":[{"taxonomy":"product_brand","embeddable":true,"href":"https:\/\/jmicomputer.blog\/en\/wp-json\/wp\/v2\/product_brand?post=5959"},{"taxonomy":"product_cat","embeddable":true,"href":"https:\/\/jmicomputer.blog\/en\/wp-json\/wp\/v2\/product_cat?post=5959"},{"taxonomy":"product_tag","embeddable":true,"href":"https:\/\/jmicomputer.blog\/en\/wp-json\/wp\/v2\/product_tag?post=5959"}],"curies":[{"name":"wp","href":"https:\/\/api.w.org\/{rel}","templated":true}]}}