{"id":5953,"date":"2026-04-05T16:39:33","date_gmt":"2026-04-05T14:39:33","guid":{"rendered":"https:\/\/jmicomputer.blog\/producto\/autel-pro-mp808-espanol-multimarca\/"},"modified":"2026-04-05T17:11:04","modified_gmt":"2026-04-05T15:11:04","slug":"autel-pro-mp808-espanol-multimarca","status":"publish","type":"product","link":"https:\/\/jmicomputer.blog\/en\/product\/autel-pro-mp808-espanol-multimarca\/","title":{"rendered":"AUTEL PRO MP808 ESPA\u00d1OL MULTIMARCA"},"content":{"rendered":"<p>Diagn\u00f3stico completo del sistema\u00a0con\u00a0\u00a0control bidireccionalEl MP808 admite cuatro m\u00e9todos para la identificaci\u00f3n del veh\u00edculo: escaneo autom\u00e1tico de VIN, entrada manual de VIN, selecci\u00f3n autom\u00e1tica y selecci\u00f3n manual, a trav\u00e9s de los cuales puede acceder a todas las ECU diagnosticables en el veh\u00edculo y ejecutar diagn\u00f3sticos en el sistema seleccionado.\u00a0Con el control bidireccional, es f\u00e1cil y r\u00e1pido identificar los problemas, ya que la herramienta de diagn\u00f3stico puede transmitir comandos de control para operar los sistemas del veh\u00edculo e informarle las condiciones de funcionamiento.Servicios especiales para la realizaci\u00f3n de reinicio.El esc\u00e1ner de diagn\u00f3stico es una herramienta profesional cuyo objetivo es proporcionar a los mec\u00e1nicos y entusiastas del bricolaje acceso a los sistemas para realizar diversos servicios y mantenimiento.Restablecimiento del servicio de aceite: realiza un restablecimiento para el sistema Engine Oil Life, que calcula un intervalo de cambio de vida \u00fatil \u00f3ptimo del aceite seg\u00fan las condiciones de conducci\u00f3n del veh\u00edculo y el clima, y \u200b\u200bapaga la luz de advertencia;Servicio TPMS: busca r\u00e1pidamente los ID de los sensores de neum\u00e1ticos en la ECU del veh\u00edculo, as\u00ed como para realizar la programaci\u00f3n del TPMS y los procedimientos de reinicio despu\u00e9s de reemplazar los sensores de neum\u00e1ticos;Servicio EPB &#8211; Inicializa los actuadores del acelerador al estado predeterminado para regular las operaciones del acelerador (o motor inactivo) con precisi\u00f3n;Servicios ABS \/ SRS: realiza varias pruebas bidireccionales para verificar las condiciones de funcionamiento tanto del sistema de frenos antibloqueo como del sistema de sujeci\u00f3n suplementario;Servicio SAS: realiza el ajuste del \u00e1ngulo de direcci\u00f3n, borra la memoria de fallas del sensor de direcci\u00f3n y apaga la luz de advertencia del volante;Servicio de regeneraci\u00f3n de DPF: elimina las part\u00edculas del filtro DPF para estabilizar el rendimiento del filtro.Y mucho m\u00e1s\u2026Una herramienta de diagn\u00f3stico de tabletas basada en Android.El MP808 es una herramienta de diagn\u00f3stico de tableta basada en Android y tiene varias caracter\u00edsticas y funciones adem\u00e1s de las funciones de diagn\u00f3stico y servicio, como MaxiFix, Shop Manager, Remote Desk, etc. Todas estas funciones est\u00e1n equipadas para brindarle una experiencia de usuario agradable y ofrecerle formas para una buena gesti\u00f3n de datos y una r\u00e1pida resoluci\u00f3n de problemas.MaxiFix: una base de datos de resoluci\u00f3n de problemas en l\u00ednea que le proporciona todas las bases de datos de DTC comunes para la mayor\u00eda de los veh\u00edculos y le permite conectarse en red con otros usuarios.Escritorio remoto: funciona con el soporte r\u00e1pido de TeamViewer para permitirle recibir soporte remoto ad-hoc del centro de soporte de Autel, colegas o amigos, permiti\u00e9ndoles controlar la herramienta de diagn\u00f3stico de su tableta en su PC.Shop Manager: una aplicaci\u00f3n que lo ayuda a lidiar con el negocio diario del taller y mejorar el servicio al cliente al ayudarlo a administrar la informaci\u00f3n del taller, los registros de informaci\u00f3n del cliente y mucho m\u00e1s.Administrador de datos: almacene, imprima y revise los archivos guardados.El MP808 es la versi\u00f3n actualizada de DS708 y tiene las mismas funciones y caracter\u00edsticas que el DS808, pero a un precio m\u00e1s bajo que el DS808.\u00a0Proporciona a los mec\u00e1nicos o entusiastas del bricolaje una gran soluci\u00f3n para la resoluci\u00f3n de problemas del veh\u00edculo, ya que tiene un precio competitivo y tiene la mayor\u00eda de las funciones avanzadas necesarias.Marcas soportadasAU Ford, Holden, Buick, Cadillac, Chevrolet, Chevrolet MPV, Camioneta Chevrolet, Chrysler, Ford, Geo, GM, Hummer, Hyundai, Kia, Pontiac, Satum, Scion, Caballo de batalla, Acura, Daihatsu, Honda, Infiniti, Isuzu, Lexus Mazda, Mitsubishi, Nissan, Subaru, Suzuki, Toyota, Daewoo, Abarth, Alfa Romeo, Audi, Bentley, Benz, BMW, Bugatti, Citroen, CnFiat, Fiat, Jaguar, Lancia, Lamborghini, Landrover, LT3, Maybach, Mini, Opel, Peugeot, Porsche, Renault, Rolls-Royce, SAAB, Seat, Skoda, Smart, Sprinter, Vauxhall, Volvo, VWEspecificaciones:Sistema operativo: Android4.4.4Procesador: procesador Cortex-A9 (1,5 GHz)Memoria: 32 GBPantalla: pantalla t\u00e1ctil capacitiva LCD de 7 pulgadas con resoluciones de 1024 * 600Conectividad: Mini USB 2.0 \/ USB 2.0 \/ Wi-Fi \/ Tarjeta Micro SD (admite hasta 32 GB)Sensores: sensor de luz ambiental para cambio autom\u00e1tico de brilloEntrada \/ salida de audio: Entrada: N \/ A Salida: zumbadorEnerg\u00eda y bater\u00eda: la bater\u00eda de pol\u00edmero de litio de 3.7 V \/ 3200mAh se carga a trav\u00e9s de una fuente de alimentaci\u00f3n de 5 VCCTiempo de espera probado: alrededor de 4,5 horas de uso continuoEntrada de carga de bater\u00eda: 5 V \/1.5AConsumo de energ\u00eda: 500 mA (LCD encendida con brillo predeterminado, Wi-Fi encendido) a 3,7 VTemperatura de funcionamiento: -10 a 60 \u00b0 C (14 a 140 \u00b0 F)Temperatura de almacenamiento: -20 a 70 \u00b0 C (-4 a 158 \u00b0 F)Humedad de funcionamiento: 5% &#8211; 95% sin condensaci\u00f3nDimensiones (An * Al * Pr): 237,8 mm (9,4 \uff02) * 148,6 mm (5,9\uff02) * 35,5 mm (1,4 \uff02)Peso neto: 788 g (2,42 libras)Contenido de la maleta:1 * MaxiPro MP8081 * adaptador de corriente1 * Mini cable USB1 * cable principal1 * manual de usuario1 * Gu\u00eda de referencia r\u00e1pidaM\u00faltiples idiomas:Ingl\u00e9s, chino tradicional, franc\u00e9s, alem\u00e1n, espa\u00f1ol, portugu\u00e9s, holand\u00e9s, polaco, sueco, coreano, japon\u00e9s, ruso, italiano.Un a\u00f1o de actualizaciones gratuitas incluido.\u00a0\u00a0\u00bfPor qu\u00e9 comprar su equipo Autel en Jmicomputer Blog?Equipos Autel originales y garantizadosEnv\u00edo r\u00e1pido y seguroM\u00e9todos de pago segurosAUTEL PRO MP808 ESPA\u00d1OL<\/p>","protected":false},"excerpt":{"rendered":"<p>Autel MP808,\u00a0con una velocidad y un rendimiento increibles, le ofrece una gran cantidad de caracter\u00edsticas y funciones de diagn\u00f3stico, que incluyen diagn\u00f3sticos de nivel OE, control bidireccional, codificaci\u00f3n de claves, servicios especiales y m\u00e1s.\u00a0Arrancando en segundos y luciendo una gran pantalla de 7 pulgadas, esta herramienta de diagn\u00f3stico le brinda&#8230;<\/p>","protected":false},"featured_media":5999,"template":"","meta":{"_acf_changed":false,"_joinchat":[]},"product_brand":[1271],"product_cat":[1278],"product_tag":[1279],"class_list":{"0":"post-5953","1":"product","2":"type-product","3":"status-publish","4":"has-post-thumbnail","6":"product_brand-autel","7":"product_cat-multimarca-2","8":"product_tag-diagnosis-multimarca","10":"first","11":"instock","12":"taxable","13":"shipping-taxable","14":"purchasable","15":"product-type-simple"},"acf":[],"yoast_head":"<!-- This site is optimized with the Yoast SEO plugin v27.4 - https:\/\/yoast.com\/product\/yoast-seo-wordpress\/ -->\n<title>AUTEL PRO MP808 ESPA\u00d1OL MULTIMARCA<\/title>\n<meta name=\"description\" content=\"AUTEL PRO MP808 ESPA\u00d1OL MULTIMARCA Diagnostico y Reprogramaci\u00f3n ECU - Stage 1 Ecu Files - Chiptuning Files\" \/>\n<meta name=\"robots\" content=\"index, follow, max-snippet:-1, max-image-preview:large, max-video-preview:-1\" \/>\n<link rel=\"canonical\" href=\"https:\/\/jmicomputer.blog\/en\/product\/autel-pro-mp808-espanol-multimarca\/\" \/>\n<meta property=\"og:locale\" content=\"en_US\" \/>\n<meta property=\"og:type\" content=\"article\" \/>\n<meta property=\"og:title\" content=\"AUTEL PRO MP808 ESPA\u00d1OL MULTIMARCA\" \/>\n<meta property=\"og:description\" content=\"AUTEL PRO MP808 ESPA\u00d1OL MULTIMARCA Diagnostico y Reprogramaci\u00f3n ECU - Stage 1 Ecu Files - Chiptuning Files\" \/>\n<meta property=\"og:url\" content=\"https:\/\/jmicomputer.blog\/en\/product\/autel-pro-mp808-espanol-multimarca\/\" \/>\n<meta property=\"og:site_name\" content=\"Jmicomputer Diagnosis\" \/>\n<meta property=\"article:publisher\" content=\"https:\/\/www.facebook.com\/jmicomputer.blog\" \/>\n<meta property=\"article:modified_time\" content=\"2026-04-05T15:11:04+00:00\" \/>\n<meta property=\"og:image\" content=\"https:\/\/jmicomputer.blog\/wp-content\/uploads\/2026\/04\/comprar-autel-pro-mp808-espanol-1.jpg\" \/>\n\t<meta property=\"og:image:width\" content=\"264\" \/>\n\t<meta property=\"og:image:height\" content=\"264\" \/>\n\t<meta property=\"og:image:type\" content=\"image\/jpeg\" \/>\n<meta name=\"twitter:card\" content=\"summary_large_image\" \/>\n<meta name=\"twitter:label1\" content=\"Est. reading time\" \/>\n\t<meta name=\"twitter:data1\" content=\"4 minutes\" \/>\n<script type=\"application\/ld+json\" class=\"yoast-schema-graph\">{\"@context\":\"https:\\\/\\\/schema.org\",\"@graph\":[{\"@type\":\"WebPage\",\"@id\":\"https:\\\/\\\/jmicomputer.blog\\\/en\\\/product\\\/autel-pro-mp808-espanol-multimarca\\\/\",\"url\":\"https:\\\/\\\/jmicomputer.blog\\\/en\\\/product\\\/autel-pro-mp808-espanol-multimarca\\\/\",\"name\":\"AUTEL PRO MP808 ESPA\u00d1OL MULTIMARCA\",\"isPartOf\":{\"@id\":\"https:\\\/\\\/jmicomputer.blog\\\/#website\"},\"primaryImageOfPage\":{\"@id\":\"https:\\\/\\\/jmicomputer.blog\\\/en\\\/product\\\/autel-pro-mp808-espanol-multimarca\\\/#primaryimage\"},\"image\":{\"@id\":\"https:\\\/\\\/jmicomputer.blog\\\/en\\\/product\\\/autel-pro-mp808-espanol-multimarca\\\/#primaryimage\"},\"thumbnailUrl\":\"https:\\\/\\\/jmicomputer.blog\\\/wp-content\\\/uploads\\\/2026\\\/04\\\/comprar-autel-pro-mp808-espanol-1.jpg\",\"datePublished\":\"2026-04-05T14:39:33+00:00\",\"dateModified\":\"2026-04-05T15:11:04+00:00\",\"description\":\"AUTEL PRO MP808 ESPA\u00d1OL MULTIMARCA Diagnostico y Reprogramaci\u00f3n ECU - Stage 1 Ecu Files - Chiptuning Files\",\"breadcrumb\":{\"@id\":\"https:\\\/\\\/jmicomputer.blog\\\/en\\\/product\\\/autel-pro-mp808-espanol-multimarca\\\/#breadcrumb\"},\"inLanguage\":\"en-US\",\"potentialAction\":[{\"@type\":\"ReadAction\",\"target\":[\"https:\\\/\\\/jmicomputer.blog\\\/en\\\/product\\\/autel-pro-mp808-espanol-multimarca\\\/\"]}]},{\"@type\":\"ImageObject\",\"inLanguage\":\"en-US\",\"@id\":\"https:\\\/\\\/jmicomputer.blog\\\/en\\\/product\\\/autel-pro-mp808-espanol-multimarca\\\/#primaryimage\",\"url\":\"https:\\\/\\\/jmicomputer.blog\\\/wp-content\\\/uploads\\\/2026\\\/04\\\/comprar-autel-pro-mp808-espanol-1.jpg\",\"contentUrl\":\"https:\\\/\\\/jmicomputer.blog\\\/wp-content\\\/uploads\\\/2026\\\/04\\\/comprar-autel-pro-mp808-espanol-1.jpg\",\"width\":264,\"height\":264},{\"@type\":\"BreadcrumbList\",\"@id\":\"https:\\\/\\\/jmicomputer.blog\\\/en\\\/product\\\/autel-pro-mp808-espanol-multimarca\\\/#breadcrumb\",\"itemListElement\":[{\"@type\":\"ListItem\",\"position\":1,\"name\":\"Portada\",\"item\":\"https:\\\/\\\/jmicomputer.blog\\\/\"},{\"@type\":\"ListItem\",\"position\":2,\"name\":\"Tienda Diagnosis Stage 1 Ecu Files\",\"item\":\"https:\\\/\\\/jmicomputer.blog\\\/\"},{\"@type\":\"ListItem\",\"position\":3,\"name\":\"AUTEL PRO MP808 ESPA\u00d1OL MULTIMARCA\"}]},{\"@type\":\"WebSite\",\"@id\":\"https:\\\/\\\/jmicomputer.blog\\\/#website\",\"url\":\"https:\\\/\\\/jmicomputer.blog\\\/\",\"name\":\"jmicomputer.blog\",\"description\":\"Diagnostico y Reprogramaci\u00f3n ECU - Stage 1 Ecu Files - Chiptuning Files\",\"publisher\":{\"@id\":\"https:\\\/\\\/jmicomputer.blog\\\/#organization\"},\"alternateName\":\"Jmi Diagnosis\",\"potentialAction\":[{\"@type\":\"SearchAction\",\"target\":{\"@type\":\"EntryPoint\",\"urlTemplate\":\"https:\\\/\\\/jmicomputer.blog\\\/?s={search_term_string}\"},\"query-input\":{\"@type\":\"PropertyValueSpecification\",\"valueRequired\":true,\"valueName\":\"search_term_string\"}}],\"inLanguage\":\"en-US\"},{\"@type\":\"Organization\",\"@id\":\"https:\\\/\\\/jmicomputer.blog\\\/#organization\",\"name\":\"jmicomputer.blog\",\"alternateName\":\"Jmicomputer\",\"url\":\"https:\\\/\\\/jmicomputer.blog\\\/\",\"logo\":{\"@type\":\"ImageObject\",\"inLanguage\":\"en-US\",\"@id\":\"https:\\\/\\\/jmicomputer.blog\\\/#\\\/schema\\\/logo\\\/image\\\/\",\"url\":\"https:\\\/\\\/jmicomputer.blog\\\/wp-content\\\/uploads\\\/2026\\\/03\\\/cropped-Gemini_Generated_Image_i1mj0ki1mj0ki1mj-1.webp\",\"contentUrl\":\"https:\\\/\\\/jmicomputer.blog\\\/wp-content\\\/uploads\\\/2026\\\/03\\\/cropped-Gemini_Generated_Image_i1mj0ki1mj0ki1mj-1.webp\",\"width\":512,\"height\":512,\"caption\":\"jmicomputer.blog\"},\"image\":{\"@id\":\"https:\\\/\\\/jmicomputer.blog\\\/#\\\/schema\\\/logo\\\/image\\\/\"},\"sameAs\":[\"https:\\\/\\\/www.facebook.com\\\/jmicomputer.blog\"]}]}<\/script>\n<!-- \/ Yoast SEO plugin. -->","yoast_head_json":{"title":"AUTEL PRO MP808 ESPA\u00d1OL MULTIMARCA","description":"AUTEL PRO MP808 ESPA\u00d1OL MULTIMARCA Diagnostico y Reprogramaci\u00f3n ECU - Stage 1 Ecu Files - Chiptuning Files","robots":{"index":"index","follow":"follow","max-snippet":"max-snippet:-1","max-image-preview":"max-image-preview:large","max-video-preview":"max-video-preview:-1"},"canonical":"https:\/\/jmicomputer.blog\/en\/product\/autel-pro-mp808-espanol-multimarca\/","og_locale":"en_US","og_type":"article","og_title":"AUTEL PRO MP808 ESPA\u00d1OL MULTIMARCA","og_description":"AUTEL PRO MP808 ESPA\u00d1OL MULTIMARCA Diagnostico y Reprogramaci\u00f3n ECU - Stage 1 Ecu Files - Chiptuning Files","og_url":"https:\/\/jmicomputer.blog\/en\/product\/autel-pro-mp808-espanol-multimarca\/","og_site_name":"Jmicomputer Diagnosis","article_publisher":"https:\/\/www.facebook.com\/jmicomputer.blog","article_modified_time":"2026-04-05T15:11:04+00:00","og_image":[{"width":264,"height":264,"url":"https:\/\/jmicomputer.blog\/wp-content\/uploads\/2026\/04\/comprar-autel-pro-mp808-espanol-1.jpg","type":"image\/jpeg"}],"twitter_card":"summary_large_image","twitter_misc":{"Est. reading time":"4 minutes"},"schema":{"@context":"https:\/\/schema.org","@graph":[{"@type":"WebPage","@id":"https:\/\/jmicomputer.blog\/en\/product\/autel-pro-mp808-espanol-multimarca\/","url":"https:\/\/jmicomputer.blog\/en\/product\/autel-pro-mp808-espanol-multimarca\/","name":"AUTEL PRO MP808 ESPA\u00d1OL MULTIMARCA","isPartOf":{"@id":"https:\/\/jmicomputer.blog\/#website"},"primaryImageOfPage":{"@id":"https:\/\/jmicomputer.blog\/en\/product\/autel-pro-mp808-espanol-multimarca\/#primaryimage"},"image":{"@id":"https:\/\/jmicomputer.blog\/en\/product\/autel-pro-mp808-espanol-multimarca\/#primaryimage"},"thumbnailUrl":"https:\/\/jmicomputer.blog\/wp-content\/uploads\/2026\/04\/comprar-autel-pro-mp808-espanol-1.jpg","datePublished":"2026-04-05T14:39:33+00:00","dateModified":"2026-04-05T15:11:04+00:00","description":"AUTEL PRO MP808 ESPA\u00d1OL MULTIMARCA Diagnostico y Reprogramaci\u00f3n ECU - Stage 1 Ecu Files - Chiptuning Files","breadcrumb":{"@id":"https:\/\/jmicomputer.blog\/en\/product\/autel-pro-mp808-espanol-multimarca\/#breadcrumb"},"inLanguage":"en-US","potentialAction":[{"@type":"ReadAction","target":["https:\/\/jmicomputer.blog\/en\/product\/autel-pro-mp808-espanol-multimarca\/"]}]},{"@type":"ImageObject","inLanguage":"en-US","@id":"https:\/\/jmicomputer.blog\/en\/product\/autel-pro-mp808-espanol-multimarca\/#primaryimage","url":"https:\/\/jmicomputer.blog\/wp-content\/uploads\/2026\/04\/comprar-autel-pro-mp808-espanol-1.jpg","contentUrl":"https:\/\/jmicomputer.blog\/wp-content\/uploads\/2026\/04\/comprar-autel-pro-mp808-espanol-1.jpg","width":264,"height":264},{"@type":"BreadcrumbList","@id":"https:\/\/jmicomputer.blog\/en\/product\/autel-pro-mp808-espanol-multimarca\/#breadcrumb","itemListElement":[{"@type":"ListItem","position":1,"name":"Portada","item":"https:\/\/jmicomputer.blog\/"},{"@type":"ListItem","position":2,"name":"Tienda Diagnosis Stage 1 Ecu Files","item":"https:\/\/jmicomputer.blog\/"},{"@type":"ListItem","position":3,"name":"AUTEL PRO MP808 ESPA\u00d1OL MULTIMARCA"}]},{"@type":"WebSite","@id":"https:\/\/jmicomputer.blog\/#website","url":"https:\/\/jmicomputer.blog\/","name":"jmicomputer.blog","description":"Diagnostico y Reprogramaci\u00f3n ECU - Stage 1 Ecu Files - Chiptuning Files","publisher":{"@id":"https:\/\/jmicomputer.blog\/#organization"},"alternateName":"Jmi Diagnosis","potentialAction":[{"@type":"SearchAction","target":{"@type":"EntryPoint","urlTemplate":"https:\/\/jmicomputer.blog\/?s={search_term_string}"},"query-input":{"@type":"PropertyValueSpecification","valueRequired":true,"valueName":"search_term_string"}}],"inLanguage":"en-US"},{"@type":"Organization","@id":"https:\/\/jmicomputer.blog\/#organization","name":"jmicomputer.blog","alternateName":"Jmicomputer","url":"https:\/\/jmicomputer.blog\/","logo":{"@type":"ImageObject","inLanguage":"en-US","@id":"https:\/\/jmicomputer.blog\/#\/schema\/logo\/image\/","url":"https:\/\/jmicomputer.blog\/wp-content\/uploads\/2026\/03\/cropped-Gemini_Generated_Image_i1mj0ki1mj0ki1mj-1.webp","contentUrl":"https:\/\/jmicomputer.blog\/wp-content\/uploads\/2026\/03\/cropped-Gemini_Generated_Image_i1mj0ki1mj0ki1mj-1.webp","width":512,"height":512,"caption":"jmicomputer.blog"},"image":{"@id":"https:\/\/jmicomputer.blog\/#\/schema\/logo\/image\/"},"sameAs":["https:\/\/www.facebook.com\/jmicomputer.blog"]}]}},"_links":{"self":[{"href":"https:\/\/jmicomputer.blog\/en\/wp-json\/wp\/v2\/product\/5953","targetHints":{"allow":["GET"]}}],"collection":[{"href":"https:\/\/jmicomputer.blog\/en\/wp-json\/wp\/v2\/product"}],"about":[{"href":"https:\/\/jmicomputer.blog\/en\/wp-json\/wp\/v2\/types\/product"}],"wp:featuredmedia":[{"embeddable":true,"href":"https:\/\/jmicomputer.blog\/en\/wp-json\/wp\/v2\/media\/5999"}],"wp:attachment":[{"href":"https:\/\/jmicomputer.blog\/en\/wp-json\/wp\/v2\/media?parent=5953"}],"wp:term":[{"taxonomy":"product_brand","embeddable":true,"href":"https:\/\/jmicomputer.blog\/en\/wp-json\/wp\/v2\/product_brand?post=5953"},{"taxonomy":"product_cat","embeddable":true,"href":"https:\/\/jmicomputer.blog\/en\/wp-json\/wp\/v2\/product_cat?post=5953"},{"taxonomy":"product_tag","embeddable":true,"href":"https:\/\/jmicomputer.blog\/en\/wp-json\/wp\/v2\/product_tag?post=5953"}],"curies":[{"name":"wp","href":"https:\/\/api.w.org\/{rel}","templated":true}]}}