{"id":5941,"date":"2026-04-05T16:39:32","date_gmt":"2026-04-05T14:39:32","guid":{"rendered":"https:\/\/jmicomputer.blog\/producto\/autel-al-autolink-539-b-sistemas-electricos-multimarca\/"},"modified":"2026-04-05T17:11:04","modified_gmt":"2026-04-05T15:11:04","slug":"autel-al-autolink-539-b-sistemas-electricos-multimarca","status":"publish","type":"product","link":"https:\/\/jmicomputer.blog\/en\/product\/autel-al-autolink-539-b-sistemas-electricos-multimarca\/","title":{"rendered":"AUTEL AL AUTOLINK 539 B SISTEMAS EL\u00c9CTRICOS MULTIMARCA"},"content":{"rendered":"<p>Autel Autolink 539La herramienta de prueba de componentes el\u00e9ctricos y de OBD II AutoLink\u00ae AL539 B admite los diez modos de prueba de OBD II para ofrecer un diagn\u00f3stico completo. Con la exclusiva llave de preparaci\u00f3n I\/M con un solo clic patentada, pruebas de circuitos, pruebas de sistemas de encendido y carga, una pantalla a color TFT y altavoces integrados.\u00a0El vers\u00e1til y f\u00e1cil de usar AL539 B optimiza el servicio de autom\u00f3viles y ayuda a brindar diagn\u00f3sticos r\u00e1pidos y precisos, as\u00ed como reparaciones oportunas.Trabaja con TODOS los veh\u00edculos de 1996 en adelante (OBD II &#038; CAN), nacionales o de importaci\u00f3n.Dispone de la exclusiva funci\u00f3n patentada One-Click I\/M Readiness Key para realizar comprobaciones de estado del monitor de emisiones y verificaciones del ciclo de conducci\u00f3n de un modo r\u00e1pido.El mult\u00edmetro de lectura f\u00e1cil le permite leer voltajes y resistencias al alcance de sus dedos.Capaz de diagnosticar sistemas de carga de 12 V, sistemas de arranque y bater\u00edas descargadas.Los LED codificados por colores y el altavoz incorporado proporcionan indicaciones tanto visuales como auditivas para las verificaciones de estado.Determina f\u00e1cilmente qu\u00e9 problema encendi\u00f3 la luz indicadora de fallo (MIL).Recupera c\u00f3digos gen\u00e9ricos (P0, P2, P3, y U0), c\u00f3digos del fabricante (P1, P3, y U1) y c\u00f3digos pendientes.Apaga luces indicadoras de fallo (MIL), borra c\u00f3digos de aver\u00eda y reinicia monitores.Muestra el estado de los monitores de emisiones.Lee flujos de datos PCM en tiempo real, datos de pruebas de sensores O2 en tiempo real y datos en imagen fija.Grafica datos (de 1996 en adelante).Comprobaci\u00f3n estado de bater\u00edas.Los consejos del localizador de problemas gu\u00edan al t\u00e9cnico hasta la ra\u00edz del c\u00f3digo de aver\u00eda de un modo m\u00e1s r\u00e1pido, ahorr\u00e1ndole as\u00ed mucho tiempo en diagnosis y reparaciones.Memoria y bater\u00eda de respaldo para el an\u00e1lisis y la visualizaci\u00f3n de datos sin conexi\u00f3n al veh\u00edculo.Definiciones DTC y men\u00fas multiling\u00fces en ingl\u00e9s, espa\u00f1ol, franc\u00e9s, etc.Recupera informaci\u00f3n del veh\u00edculo (VIN, CIN y CVN).Actualizable a trav\u00e9s de Internet.Imprime datos a trav\u00e9s de un ordenador.AUTEL AL 539 B, Equipo original.<\/p>","protected":false},"excerpt":{"rendered":"<p>Equipo de diagn\u00f3stico multimarca Autel AL 539 B. Las sondas desmontables del AL 539 B pueden medir tanto voltios como amperios para permitirle realizar comprobaciones exhaustivas de sistema electr\u00f3nicos.<\/p>","protected":false},"featured_media":5993,"template":"","meta":{"_acf_changed":false,"_joinchat":[]},"product_brand":[1271],"product_cat":[1278],"product_tag":[1279],"class_list":{"0":"post-5941","1":"product","2":"type-product","3":"status-publish","4":"has-post-thumbnail","6":"product_brand-autel","7":"product_cat-multimarca-2","8":"product_tag-diagnosis-multimarca","10":"first","11":"instock","12":"taxable","13":"shipping-taxable","14":"purchasable","15":"product-type-simple"},"acf":[],"yoast_head":"<!-- This site is optimized with the Yoast SEO plugin v27.4 - https:\/\/yoast.com\/product\/yoast-seo-wordpress\/ -->\n<title>AUTEL AL AUTOLINK 539 B SISTEMAS EL\u00c9CTRICOS MULTIMARCA<\/title>\n<meta name=\"description\" content=\"AUTEL AL AUTOLINK 539 B SISTEMAS EL\u00c9CTRICOS MULTIMARCA Diagnostico y Reprogramaci\u00f3n ECU - Stage 1 Ecu Files - Chiptuning Files\" \/>\n<meta name=\"robots\" content=\"index, follow, max-snippet:-1, max-image-preview:large, max-video-preview:-1\" \/>\n<link rel=\"canonical\" href=\"https:\/\/jmicomputer.blog\/en\/product\/autel-al-autolink-539-b-sistemas-electricos-multimarca\/\" \/>\n<meta property=\"og:locale\" content=\"en_US\" \/>\n<meta property=\"og:type\" content=\"article\" \/>\n<meta property=\"og:title\" content=\"AUTEL AL AUTOLINK 539 B SISTEMAS EL\u00c9CTRICOS MULTIMARCA\" \/>\n<meta property=\"og:description\" content=\"AUTEL AL AUTOLINK 539 B SISTEMAS EL\u00c9CTRICOS MULTIMARCA Diagnostico y Reprogramaci\u00f3n ECU - Stage 1 Ecu Files - Chiptuning Files\" \/>\n<meta property=\"og:url\" content=\"https:\/\/jmicomputer.blog\/en\/product\/autel-al-autolink-539-b-sistemas-electricos-multimarca\/\" \/>\n<meta property=\"og:site_name\" content=\"Jmicomputer Diagnosis\" \/>\n<meta property=\"article:publisher\" content=\"https:\/\/www.facebook.com\/jmicomputer.blog\" \/>\n<meta property=\"article:modified_time\" content=\"2026-04-05T15:11:04+00:00\" \/>\n<meta property=\"og:image\" content=\"https:\/\/jmicomputer.blog\/wp-content\/uploads\/2026\/04\/autel-al-539-1.jpg\" \/>\n\t<meta property=\"og:image:width\" content=\"264\" \/>\n\t<meta property=\"og:image:height\" content=\"264\" \/>\n\t<meta property=\"og:image:type\" content=\"image\/jpeg\" \/>\n<meta name=\"twitter:card\" content=\"summary_large_image\" \/>\n<meta name=\"twitter:label1\" content=\"Est. reading time\" \/>\n\t<meta name=\"twitter:data1\" content=\"2 minutes\" \/>\n<script type=\"application\/ld+json\" class=\"yoast-schema-graph\">{\"@context\":\"https:\\\/\\\/schema.org\",\"@graph\":[{\"@type\":\"WebPage\",\"@id\":\"https:\\\/\\\/jmicomputer.blog\\\/en\\\/product\\\/autel-al-autolink-539-b-sistemas-electricos-multimarca\\\/\",\"url\":\"https:\\\/\\\/jmicomputer.blog\\\/en\\\/product\\\/autel-al-autolink-539-b-sistemas-electricos-multimarca\\\/\",\"name\":\"AUTEL AL AUTOLINK 539 B SISTEMAS EL\u00c9CTRICOS MULTIMARCA\",\"isPartOf\":{\"@id\":\"https:\\\/\\\/jmicomputer.blog\\\/#website\"},\"primaryImageOfPage\":{\"@id\":\"https:\\\/\\\/jmicomputer.blog\\\/en\\\/product\\\/autel-al-autolink-539-b-sistemas-electricos-multimarca\\\/#primaryimage\"},\"image\":{\"@id\":\"https:\\\/\\\/jmicomputer.blog\\\/en\\\/product\\\/autel-al-autolink-539-b-sistemas-electricos-multimarca\\\/#primaryimage\"},\"thumbnailUrl\":\"https:\\\/\\\/jmicomputer.blog\\\/wp-content\\\/uploads\\\/2026\\\/04\\\/autel-al-539-1.jpg\",\"datePublished\":\"2026-04-05T14:39:32+00:00\",\"dateModified\":\"2026-04-05T15:11:04+00:00\",\"description\":\"AUTEL AL AUTOLINK 539 B SISTEMAS EL\u00c9CTRICOS MULTIMARCA Diagnostico y Reprogramaci\u00f3n ECU - Stage 1 Ecu Files - Chiptuning Files\",\"breadcrumb\":{\"@id\":\"https:\\\/\\\/jmicomputer.blog\\\/en\\\/product\\\/autel-al-autolink-539-b-sistemas-electricos-multimarca\\\/#breadcrumb\"},\"inLanguage\":\"en-US\",\"potentialAction\":[{\"@type\":\"ReadAction\",\"target\":[\"https:\\\/\\\/jmicomputer.blog\\\/en\\\/product\\\/autel-al-autolink-539-b-sistemas-electricos-multimarca\\\/\"]}]},{\"@type\":\"ImageObject\",\"inLanguage\":\"en-US\",\"@id\":\"https:\\\/\\\/jmicomputer.blog\\\/en\\\/product\\\/autel-al-autolink-539-b-sistemas-electricos-multimarca\\\/#primaryimage\",\"url\":\"https:\\\/\\\/jmicomputer.blog\\\/wp-content\\\/uploads\\\/2026\\\/04\\\/autel-al-539-1.jpg\",\"contentUrl\":\"https:\\\/\\\/jmicomputer.blog\\\/wp-content\\\/uploads\\\/2026\\\/04\\\/autel-al-539-1.jpg\",\"width\":264,\"height\":264},{\"@type\":\"BreadcrumbList\",\"@id\":\"https:\\\/\\\/jmicomputer.blog\\\/en\\\/product\\\/autel-al-autolink-539-b-sistemas-electricos-multimarca\\\/#breadcrumb\",\"itemListElement\":[{\"@type\":\"ListItem\",\"position\":1,\"name\":\"Portada\",\"item\":\"https:\\\/\\\/jmicomputer.blog\\\/\"},{\"@type\":\"ListItem\",\"position\":2,\"name\":\"Tienda Diagnosis Stage 1 Ecu Files\",\"item\":\"https:\\\/\\\/jmicomputer.blog\\\/\"},{\"@type\":\"ListItem\",\"position\":3,\"name\":\"AUTEL AL AUTOLINK 539 B SISTEMAS EL\u00c9CTRICOS MULTIMARCA\"}]},{\"@type\":\"WebSite\",\"@id\":\"https:\\\/\\\/jmicomputer.blog\\\/#website\",\"url\":\"https:\\\/\\\/jmicomputer.blog\\\/\",\"name\":\"jmicomputer.blog\",\"description\":\"Diagnostico y Reprogramaci\u00f3n ECU - Stage 1 Ecu Files - Chiptuning Files\",\"publisher\":{\"@id\":\"https:\\\/\\\/jmicomputer.blog\\\/#organization\"},\"alternateName\":\"Jmi Diagnosis\",\"potentialAction\":[{\"@type\":\"SearchAction\",\"target\":{\"@type\":\"EntryPoint\",\"urlTemplate\":\"https:\\\/\\\/jmicomputer.blog\\\/?s={search_term_string}\"},\"query-input\":{\"@type\":\"PropertyValueSpecification\",\"valueRequired\":true,\"valueName\":\"search_term_string\"}}],\"inLanguage\":\"en-US\"},{\"@type\":\"Organization\",\"@id\":\"https:\\\/\\\/jmicomputer.blog\\\/#organization\",\"name\":\"jmicomputer.blog\",\"alternateName\":\"Jmicomputer\",\"url\":\"https:\\\/\\\/jmicomputer.blog\\\/\",\"logo\":{\"@type\":\"ImageObject\",\"inLanguage\":\"en-US\",\"@id\":\"https:\\\/\\\/jmicomputer.blog\\\/#\\\/schema\\\/logo\\\/image\\\/\",\"url\":\"https:\\\/\\\/jmicomputer.blog\\\/wp-content\\\/uploads\\\/2026\\\/03\\\/cropped-Gemini_Generated_Image_i1mj0ki1mj0ki1mj-1.webp\",\"contentUrl\":\"https:\\\/\\\/jmicomputer.blog\\\/wp-content\\\/uploads\\\/2026\\\/03\\\/cropped-Gemini_Generated_Image_i1mj0ki1mj0ki1mj-1.webp\",\"width\":512,\"height\":512,\"caption\":\"jmicomputer.blog\"},\"image\":{\"@id\":\"https:\\\/\\\/jmicomputer.blog\\\/#\\\/schema\\\/logo\\\/image\\\/\"},\"sameAs\":[\"https:\\\/\\\/www.facebook.com\\\/jmicomputer.blog\"]}]}<\/script>\n<!-- \/ Yoast SEO plugin. -->","yoast_head_json":{"title":"AUTEL AL AUTOLINK 539 B SISTEMAS EL\u00c9CTRICOS MULTIMARCA","description":"AUTEL AL AUTOLINK 539 B SISTEMAS EL\u00c9CTRICOS MULTIMARCA Diagnostico y Reprogramaci\u00f3n ECU - Stage 1 Ecu Files - Chiptuning Files","robots":{"index":"index","follow":"follow","max-snippet":"max-snippet:-1","max-image-preview":"max-image-preview:large","max-video-preview":"max-video-preview:-1"},"canonical":"https:\/\/jmicomputer.blog\/en\/product\/autel-al-autolink-539-b-sistemas-electricos-multimarca\/","og_locale":"en_US","og_type":"article","og_title":"AUTEL AL AUTOLINK 539 B SISTEMAS EL\u00c9CTRICOS MULTIMARCA","og_description":"AUTEL AL AUTOLINK 539 B SISTEMAS EL\u00c9CTRICOS MULTIMARCA Diagnostico y Reprogramaci\u00f3n ECU - Stage 1 Ecu Files - Chiptuning Files","og_url":"https:\/\/jmicomputer.blog\/en\/product\/autel-al-autolink-539-b-sistemas-electricos-multimarca\/","og_site_name":"Jmicomputer Diagnosis","article_publisher":"https:\/\/www.facebook.com\/jmicomputer.blog","article_modified_time":"2026-04-05T15:11:04+00:00","og_image":[{"width":264,"height":264,"url":"https:\/\/jmicomputer.blog\/wp-content\/uploads\/2026\/04\/autel-al-539-1.jpg","type":"image\/jpeg"}],"twitter_card":"summary_large_image","twitter_misc":{"Est. reading time":"2 minutes"},"schema":{"@context":"https:\/\/schema.org","@graph":[{"@type":"WebPage","@id":"https:\/\/jmicomputer.blog\/en\/product\/autel-al-autolink-539-b-sistemas-electricos-multimarca\/","url":"https:\/\/jmicomputer.blog\/en\/product\/autel-al-autolink-539-b-sistemas-electricos-multimarca\/","name":"AUTEL AL AUTOLINK 539 B SISTEMAS EL\u00c9CTRICOS MULTIMARCA","isPartOf":{"@id":"https:\/\/jmicomputer.blog\/#website"},"primaryImageOfPage":{"@id":"https:\/\/jmicomputer.blog\/en\/product\/autel-al-autolink-539-b-sistemas-electricos-multimarca\/#primaryimage"},"image":{"@id":"https:\/\/jmicomputer.blog\/en\/product\/autel-al-autolink-539-b-sistemas-electricos-multimarca\/#primaryimage"},"thumbnailUrl":"https:\/\/jmicomputer.blog\/wp-content\/uploads\/2026\/04\/autel-al-539-1.jpg","datePublished":"2026-04-05T14:39:32+00:00","dateModified":"2026-04-05T15:11:04+00:00","description":"AUTEL AL AUTOLINK 539 B SISTEMAS EL\u00c9CTRICOS MULTIMARCA Diagnostico y Reprogramaci\u00f3n ECU - Stage 1 Ecu Files - Chiptuning Files","breadcrumb":{"@id":"https:\/\/jmicomputer.blog\/en\/product\/autel-al-autolink-539-b-sistemas-electricos-multimarca\/#breadcrumb"},"inLanguage":"en-US","potentialAction":[{"@type":"ReadAction","target":["https:\/\/jmicomputer.blog\/en\/product\/autel-al-autolink-539-b-sistemas-electricos-multimarca\/"]}]},{"@type":"ImageObject","inLanguage":"en-US","@id":"https:\/\/jmicomputer.blog\/en\/product\/autel-al-autolink-539-b-sistemas-electricos-multimarca\/#primaryimage","url":"https:\/\/jmicomputer.blog\/wp-content\/uploads\/2026\/04\/autel-al-539-1.jpg","contentUrl":"https:\/\/jmicomputer.blog\/wp-content\/uploads\/2026\/04\/autel-al-539-1.jpg","width":264,"height":264},{"@type":"BreadcrumbList","@id":"https:\/\/jmicomputer.blog\/en\/product\/autel-al-autolink-539-b-sistemas-electricos-multimarca\/#breadcrumb","itemListElement":[{"@type":"ListItem","position":1,"name":"Portada","item":"https:\/\/jmicomputer.blog\/"},{"@type":"ListItem","position":2,"name":"Tienda Diagnosis Stage 1 Ecu Files","item":"https:\/\/jmicomputer.blog\/"},{"@type":"ListItem","position":3,"name":"AUTEL AL AUTOLINK 539 B SISTEMAS EL\u00c9CTRICOS MULTIMARCA"}]},{"@type":"WebSite","@id":"https:\/\/jmicomputer.blog\/#website","url":"https:\/\/jmicomputer.blog\/","name":"jmicomputer.blog","description":"Diagnostico y Reprogramaci\u00f3n ECU - Stage 1 Ecu Files - Chiptuning Files","publisher":{"@id":"https:\/\/jmicomputer.blog\/#organization"},"alternateName":"Jmi Diagnosis","potentialAction":[{"@type":"SearchAction","target":{"@type":"EntryPoint","urlTemplate":"https:\/\/jmicomputer.blog\/?s={search_term_string}"},"query-input":{"@type":"PropertyValueSpecification","valueRequired":true,"valueName":"search_term_string"}}],"inLanguage":"en-US"},{"@type":"Organization","@id":"https:\/\/jmicomputer.blog\/#organization","name":"jmicomputer.blog","alternateName":"Jmicomputer","url":"https:\/\/jmicomputer.blog\/","logo":{"@type":"ImageObject","inLanguage":"en-US","@id":"https:\/\/jmicomputer.blog\/#\/schema\/logo\/image\/","url":"https:\/\/jmicomputer.blog\/wp-content\/uploads\/2026\/03\/cropped-Gemini_Generated_Image_i1mj0ki1mj0ki1mj-1.webp","contentUrl":"https:\/\/jmicomputer.blog\/wp-content\/uploads\/2026\/03\/cropped-Gemini_Generated_Image_i1mj0ki1mj0ki1mj-1.webp","width":512,"height":512,"caption":"jmicomputer.blog"},"image":{"@id":"https:\/\/jmicomputer.blog\/#\/schema\/logo\/image\/"},"sameAs":["https:\/\/www.facebook.com\/jmicomputer.blog"]}]}},"_links":{"self":[{"href":"https:\/\/jmicomputer.blog\/en\/wp-json\/wp\/v2\/product\/5941","targetHints":{"allow":["GET"]}}],"collection":[{"href":"https:\/\/jmicomputer.blog\/en\/wp-json\/wp\/v2\/product"}],"about":[{"href":"https:\/\/jmicomputer.blog\/en\/wp-json\/wp\/v2\/types\/product"}],"wp:featuredmedia":[{"embeddable":true,"href":"https:\/\/jmicomputer.blog\/en\/wp-json\/wp\/v2\/media\/5993"}],"wp:attachment":[{"href":"https:\/\/jmicomputer.blog\/en\/wp-json\/wp\/v2\/media?parent=5941"}],"wp:term":[{"taxonomy":"product_brand","embeddable":true,"href":"https:\/\/jmicomputer.blog\/en\/wp-json\/wp\/v2\/product_brand?post=5941"},{"taxonomy":"product_cat","embeddable":true,"href":"https:\/\/jmicomputer.blog\/en\/wp-json\/wp\/v2\/product_cat?post=5941"},{"taxonomy":"product_tag","embeddable":true,"href":"https:\/\/jmicomputer.blog\/en\/wp-json\/wp\/v2\/product_tag?post=5941"}],"curies":[{"name":"wp","href":"https:\/\/api.w.org\/{rel}","templated":true}]}}