{"id":5923,"date":"2026-04-05T16:39:29","date_gmt":"2026-04-05T14:39:29","guid":{"rendered":"https:\/\/jmicomputer.blog\/producto\/adaptador-autel-bmw-ethernet-bmw-serie-f-multimarca\/"},"modified":"2026-04-05T17:11:04","modified_gmt":"2026-04-05T15:11:04","slug":"adaptador-autel-bmw-ethernet-bmw-serie-f-multimarca","status":"publish","type":"product","link":"https:\/\/jmicomputer.blog\/en\/product\/adaptador-autel-bmw-ethernet-bmw-serie-f-multimarca\/","title":{"rendered":"ADAPTADOR AUTEL BMW ETHERNET BMW SERIE F MULTIMARCA"},"content":{"rendered":"<p>La mayoria de los veh\u00edculos FCA 2018 y m\u00e1s nuevos incluyen un m\u00f3dulo de puerta de enlace de seguridad.Espere ver este mensaje cuando escanee un Chrysler con el m\u00f3dulo de puerta de enlace de seguridad:\u00a0EL DISPOSITIVO NO SE PUEDE COMUNICAR CON LA UNIDAD DE CONTROL\u00a0La ubicaci\u00f3n del SGM var\u00eda, pero a menudo se encuentra en el panel lateral, en el lado del pasajero cerca de la guantera o detr\u00e1s de la radio.\u00a0El adaptador 12 + 8 se conecta al Autel MaxiSys VCI.\u00a0Adaptador necesario en:20% de los coches del grupo en 201750% de los coches del grupo en 2018.90% de los coches del grupo en 2019100% para 2020Env\u00edo 24 horas desde Espa\u00f1a.<\/p>","protected":false},"excerpt":{"rendered":"<p>El Adaptador Autel 12+ 8, es un conector de Autel, para el m\u00f3dulo Gateway de seguridad de Chrysler, Dodge, Jeep, Fiat y Alfa. (SGM) que permite acceder a funciones que por seguridad estar\u00edan bloqueadas sin el uso de este cable.<\/p>","protected":false},"featured_media":5984,"template":"","meta":{"_acf_changed":false,"_joinchat":[]},"product_brand":[1271],"product_cat":[1278],"product_tag":[1279],"class_list":{"0":"post-5923","1":"product","2":"type-product","3":"status-publish","4":"has-post-thumbnail","6":"product_brand-autel","7":"product_cat-multimarca-2","8":"product_tag-diagnosis-multimarca","10":"first","11":"instock","12":"taxable","13":"shipping-taxable","14":"purchasable","15":"product-type-simple"},"acf":[],"yoast_head":"<!-- This site is optimized with the Yoast SEO plugin v27.4 - https:\/\/yoast.com\/product\/yoast-seo-wordpress\/ -->\n<title>ADAPTADOR AUTEL BMW ETHERNET BMW SERIE F MULTIMARCA<\/title>\n<meta name=\"description\" content=\"ADAPTADOR AUTEL BMW ETHERNET BMW SERIE F MULTIMARCA Diagnostico y Reprogramaci\u00f3n ECU - Stage 1 Ecu Files - Chiptuning Files\" \/>\n<meta name=\"robots\" content=\"index, follow, max-snippet:-1, max-image-preview:large, max-video-preview:-1\" \/>\n<link rel=\"canonical\" href=\"https:\/\/jmicomputer.blog\/en\/product\/adaptador-autel-bmw-ethernet-bmw-serie-f-multimarca\/\" \/>\n<meta property=\"og:locale\" content=\"en_US\" \/>\n<meta property=\"og:type\" content=\"article\" \/>\n<meta property=\"og:title\" content=\"ADAPTADOR AUTEL BMW ETHERNET BMW SERIE F MULTIMARCA\" \/>\n<meta property=\"og:description\" content=\"ADAPTADOR AUTEL BMW ETHERNET BMW SERIE F MULTIMARCA Diagnostico y Reprogramaci\u00f3n ECU - Stage 1 Ecu Files - Chiptuning Files\" \/>\n<meta property=\"og:url\" content=\"https:\/\/jmicomputer.blog\/en\/product\/adaptador-autel-bmw-ethernet-bmw-serie-f-multimarca\/\" \/>\n<meta property=\"og:site_name\" content=\"Jmicomputer Diagnosis\" \/>\n<meta property=\"article:publisher\" content=\"https:\/\/www.facebook.com\/jmicomputer.blog\" \/>\n<meta property=\"article:modified_time\" content=\"2026-04-05T15:11:04+00:00\" \/>\n<meta property=\"og:image\" content=\"https:\/\/jmicomputer.blog\/wp-content\/uploads\/2026\/04\/comprar-adaptador-autel-128-chrysler.webp\" \/>\n\t<meta property=\"og:image:width\" content=\"264\" \/>\n\t<meta property=\"og:image:height\" content=\"264\" \/>\n\t<meta property=\"og:image:type\" content=\"image\/webp\" \/>\n<meta name=\"twitter:card\" content=\"summary_large_image\" \/>\n<meta name=\"twitter:label1\" content=\"Est. reading time\" \/>\n\t<meta name=\"twitter:data1\" content=\"1 minute\" \/>\n<script type=\"application\/ld+json\" class=\"yoast-schema-graph\">{\"@context\":\"https:\\\/\\\/schema.org\",\"@graph\":[{\"@type\":\"WebPage\",\"@id\":\"https:\\\/\\\/jmicomputer.blog\\\/producto\\\/adaptador-autel-bmw-ethernet-bmw-serie-f-multimarca\\\/\",\"url\":\"https:\\\/\\\/jmicomputer.blog\\\/producto\\\/adaptador-autel-bmw-ethernet-bmw-serie-f-multimarca\\\/\",\"name\":\"ADAPTADOR AUTEL BMW ETHERNET BMW SERIE F MULTIMARCA\",\"isPartOf\":{\"@id\":\"https:\\\/\\\/jmicomputer.blog\\\/#website\"},\"primaryImageOfPage\":{\"@id\":\"https:\\\/\\\/jmicomputer.blog\\\/producto\\\/adaptador-autel-bmw-ethernet-bmw-serie-f-multimarca\\\/#primaryimage\"},\"image\":{\"@id\":\"https:\\\/\\\/jmicomputer.blog\\\/producto\\\/adaptador-autel-bmw-ethernet-bmw-serie-f-multimarca\\\/#primaryimage\"},\"thumbnailUrl\":\"https:\\\/\\\/jmicomputer.blog\\\/wp-content\\\/uploads\\\/2026\\\/04\\\/comprar-adaptador-autel-128-chrysler.webp\",\"datePublished\":\"2026-04-05T14:39:29+00:00\",\"dateModified\":\"2026-04-05T15:11:04+00:00\",\"description\":\"ADAPTADOR AUTEL BMW ETHERNET BMW SERIE F MULTIMARCA Diagnostico y Reprogramaci\u00f3n ECU - Stage 1 Ecu Files - Chiptuning Files\",\"breadcrumb\":{\"@id\":\"https:\\\/\\\/jmicomputer.blog\\\/producto\\\/adaptador-autel-bmw-ethernet-bmw-serie-f-multimarca\\\/#breadcrumb\"},\"inLanguage\":\"en-US\",\"potentialAction\":[{\"@type\":\"ReadAction\",\"target\":[\"https:\\\/\\\/jmicomputer.blog\\\/producto\\\/adaptador-autel-bmw-ethernet-bmw-serie-f-multimarca\\\/\"]}]},{\"@type\":\"ImageObject\",\"inLanguage\":\"en-US\",\"@id\":\"https:\\\/\\\/jmicomputer.blog\\\/producto\\\/adaptador-autel-bmw-ethernet-bmw-serie-f-multimarca\\\/#primaryimage\",\"url\":\"https:\\\/\\\/jmicomputer.blog\\\/wp-content\\\/uploads\\\/2026\\\/04\\\/comprar-adaptador-autel-128-chrysler.webp\",\"contentUrl\":\"https:\\\/\\\/jmicomputer.blog\\\/wp-content\\\/uploads\\\/2026\\\/04\\\/comprar-adaptador-autel-128-chrysler.webp\",\"width\":264,\"height\":264},{\"@type\":\"BreadcrumbList\",\"@id\":\"https:\\\/\\\/jmicomputer.blog\\\/producto\\\/adaptador-autel-bmw-ethernet-bmw-serie-f-multimarca\\\/#breadcrumb\",\"itemListElement\":[{\"@type\":\"ListItem\",\"position\":1,\"name\":\"Portada\",\"item\":\"https:\\\/\\\/jmicomputer.blog\\\/\"},{\"@type\":\"ListItem\",\"position\":2,\"name\":\"Tienda Diagnosis Stage 1 Ecu Files\",\"item\":\"https:\\\/\\\/jmicomputer.blog\\\/\"},{\"@type\":\"ListItem\",\"position\":3,\"name\":\"ADAPTADOR AUTEL BMW ETHERNET BMW SERIE F MULTIMARCA\"}]},{\"@type\":\"WebSite\",\"@id\":\"https:\\\/\\\/jmicomputer.blog\\\/#website\",\"url\":\"https:\\\/\\\/jmicomputer.blog\\\/\",\"name\":\"jmicomputer.blog\",\"description\":\"Diagnostico y Reprogramaci\u00f3n ECU - Stage 1 Ecu Files - Chiptuning Files\",\"publisher\":{\"@id\":\"https:\\\/\\\/jmicomputer.blog\\\/#organization\"},\"alternateName\":\"Jmi Diagnosis\",\"potentialAction\":[{\"@type\":\"SearchAction\",\"target\":{\"@type\":\"EntryPoint\",\"urlTemplate\":\"https:\\\/\\\/jmicomputer.blog\\\/?s={search_term_string}\"},\"query-input\":{\"@type\":\"PropertyValueSpecification\",\"valueRequired\":true,\"valueName\":\"search_term_string\"}}],\"inLanguage\":\"en-US\"},{\"@type\":\"Organization\",\"@id\":\"https:\\\/\\\/jmicomputer.blog\\\/#organization\",\"name\":\"jmicomputer.blog\",\"alternateName\":\"Jmicomputer\",\"url\":\"https:\\\/\\\/jmicomputer.blog\\\/\",\"logo\":{\"@type\":\"ImageObject\",\"inLanguage\":\"en-US\",\"@id\":\"https:\\\/\\\/jmicomputer.blog\\\/#\\\/schema\\\/logo\\\/image\\\/\",\"url\":\"https:\\\/\\\/jmicomputer.blog\\\/wp-content\\\/uploads\\\/2026\\\/03\\\/cropped-Gemini_Generated_Image_i1mj0ki1mj0ki1mj-1.webp\",\"contentUrl\":\"https:\\\/\\\/jmicomputer.blog\\\/wp-content\\\/uploads\\\/2026\\\/03\\\/cropped-Gemini_Generated_Image_i1mj0ki1mj0ki1mj-1.webp\",\"width\":512,\"height\":512,\"caption\":\"jmicomputer.blog\"},\"image\":{\"@id\":\"https:\\\/\\\/jmicomputer.blog\\\/#\\\/schema\\\/logo\\\/image\\\/\"},\"sameAs\":[\"https:\\\/\\\/www.facebook.com\\\/jmicomputer.blog\"]}]}<\/script>\n<!-- \/ Yoast SEO plugin. -->","yoast_head_json":{"title":"ADAPTADOR AUTEL BMW ETHERNET BMW SERIE F MULTIMARCA","description":"ADAPTADOR AUTEL BMW ETHERNET BMW SERIE F MULTIMARCA Diagnostico y Reprogramaci\u00f3n ECU - Stage 1 Ecu Files - Chiptuning Files","robots":{"index":"index","follow":"follow","max-snippet":"max-snippet:-1","max-image-preview":"max-image-preview:large","max-video-preview":"max-video-preview:-1"},"canonical":"https:\/\/jmicomputer.blog\/en\/product\/adaptador-autel-bmw-ethernet-bmw-serie-f-multimarca\/","og_locale":"en_US","og_type":"article","og_title":"ADAPTADOR AUTEL BMW ETHERNET BMW SERIE F MULTIMARCA","og_description":"ADAPTADOR AUTEL BMW ETHERNET BMW SERIE F MULTIMARCA Diagnostico y Reprogramaci\u00f3n ECU - Stage 1 Ecu Files - Chiptuning Files","og_url":"https:\/\/jmicomputer.blog\/en\/product\/adaptador-autel-bmw-ethernet-bmw-serie-f-multimarca\/","og_site_name":"Jmicomputer Diagnosis","article_publisher":"https:\/\/www.facebook.com\/jmicomputer.blog","article_modified_time":"2026-04-05T15:11:04+00:00","og_image":[{"width":264,"height":264,"url":"https:\/\/jmicomputer.blog\/wp-content\/uploads\/2026\/04\/comprar-adaptador-autel-128-chrysler.webp","type":"image\/webp"}],"twitter_card":"summary_large_image","twitter_misc":{"Est. reading time":"1 minute"},"schema":{"@context":"https:\/\/schema.org","@graph":[{"@type":"WebPage","@id":"https:\/\/jmicomputer.blog\/producto\/adaptador-autel-bmw-ethernet-bmw-serie-f-multimarca\/","url":"https:\/\/jmicomputer.blog\/producto\/adaptador-autel-bmw-ethernet-bmw-serie-f-multimarca\/","name":"ADAPTADOR AUTEL BMW ETHERNET BMW SERIE F MULTIMARCA","isPartOf":{"@id":"https:\/\/jmicomputer.blog\/#website"},"primaryImageOfPage":{"@id":"https:\/\/jmicomputer.blog\/producto\/adaptador-autel-bmw-ethernet-bmw-serie-f-multimarca\/#primaryimage"},"image":{"@id":"https:\/\/jmicomputer.blog\/producto\/adaptador-autel-bmw-ethernet-bmw-serie-f-multimarca\/#primaryimage"},"thumbnailUrl":"https:\/\/jmicomputer.blog\/wp-content\/uploads\/2026\/04\/comprar-adaptador-autel-128-chrysler.webp","datePublished":"2026-04-05T14:39:29+00:00","dateModified":"2026-04-05T15:11:04+00:00","description":"ADAPTADOR AUTEL BMW ETHERNET BMW SERIE F MULTIMARCA Diagnostico y Reprogramaci\u00f3n ECU - Stage 1 Ecu Files - Chiptuning Files","breadcrumb":{"@id":"https:\/\/jmicomputer.blog\/producto\/adaptador-autel-bmw-ethernet-bmw-serie-f-multimarca\/#breadcrumb"},"inLanguage":"en-US","potentialAction":[{"@type":"ReadAction","target":["https:\/\/jmicomputer.blog\/producto\/adaptador-autel-bmw-ethernet-bmw-serie-f-multimarca\/"]}]},{"@type":"ImageObject","inLanguage":"en-US","@id":"https:\/\/jmicomputer.blog\/producto\/adaptador-autel-bmw-ethernet-bmw-serie-f-multimarca\/#primaryimage","url":"https:\/\/jmicomputer.blog\/wp-content\/uploads\/2026\/04\/comprar-adaptador-autel-128-chrysler.webp","contentUrl":"https:\/\/jmicomputer.blog\/wp-content\/uploads\/2026\/04\/comprar-adaptador-autel-128-chrysler.webp","width":264,"height":264},{"@type":"BreadcrumbList","@id":"https:\/\/jmicomputer.blog\/producto\/adaptador-autel-bmw-ethernet-bmw-serie-f-multimarca\/#breadcrumb","itemListElement":[{"@type":"ListItem","position":1,"name":"Portada","item":"https:\/\/jmicomputer.blog\/"},{"@type":"ListItem","position":2,"name":"Tienda Diagnosis Stage 1 Ecu Files","item":"https:\/\/jmicomputer.blog\/"},{"@type":"ListItem","position":3,"name":"ADAPTADOR AUTEL BMW ETHERNET BMW SERIE F MULTIMARCA"}]},{"@type":"WebSite","@id":"https:\/\/jmicomputer.blog\/#website","url":"https:\/\/jmicomputer.blog\/","name":"jmicomputer.blog","description":"Diagnostico y Reprogramaci\u00f3n ECU - Stage 1 Ecu Files - Chiptuning Files","publisher":{"@id":"https:\/\/jmicomputer.blog\/#organization"},"alternateName":"Jmi Diagnosis","potentialAction":[{"@type":"SearchAction","target":{"@type":"EntryPoint","urlTemplate":"https:\/\/jmicomputer.blog\/?s={search_term_string}"},"query-input":{"@type":"PropertyValueSpecification","valueRequired":true,"valueName":"search_term_string"}}],"inLanguage":"en-US"},{"@type":"Organization","@id":"https:\/\/jmicomputer.blog\/#organization","name":"jmicomputer.blog","alternateName":"Jmicomputer","url":"https:\/\/jmicomputer.blog\/","logo":{"@type":"ImageObject","inLanguage":"en-US","@id":"https:\/\/jmicomputer.blog\/#\/schema\/logo\/image\/","url":"https:\/\/jmicomputer.blog\/wp-content\/uploads\/2026\/03\/cropped-Gemini_Generated_Image_i1mj0ki1mj0ki1mj-1.webp","contentUrl":"https:\/\/jmicomputer.blog\/wp-content\/uploads\/2026\/03\/cropped-Gemini_Generated_Image_i1mj0ki1mj0ki1mj-1.webp","width":512,"height":512,"caption":"jmicomputer.blog"},"image":{"@id":"https:\/\/jmicomputer.blog\/#\/schema\/logo\/image\/"},"sameAs":["https:\/\/www.facebook.com\/jmicomputer.blog"]}]}},"_links":{"self":[{"href":"https:\/\/jmicomputer.blog\/en\/wp-json\/wp\/v2\/product\/5923","targetHints":{"allow":["GET"]}}],"collection":[{"href":"https:\/\/jmicomputer.blog\/en\/wp-json\/wp\/v2\/product"}],"about":[{"href":"https:\/\/jmicomputer.blog\/en\/wp-json\/wp\/v2\/types\/product"}],"wp:featuredmedia":[{"embeddable":true,"href":"https:\/\/jmicomputer.blog\/en\/wp-json\/wp\/v2\/media\/5984"}],"wp:attachment":[{"href":"https:\/\/jmicomputer.blog\/en\/wp-json\/wp\/v2\/media?parent=5923"}],"wp:term":[{"taxonomy":"product_brand","embeddable":true,"href":"https:\/\/jmicomputer.blog\/en\/wp-json\/wp\/v2\/product_brand?post=5923"},{"taxonomy":"product_cat","embeddable":true,"href":"https:\/\/jmicomputer.blog\/en\/wp-json\/wp\/v2\/product_cat?post=5923"},{"taxonomy":"product_tag","embeddable":true,"href":"https:\/\/jmicomputer.blog\/en\/wp-json\/wp\/v2\/product_tag?post=5923"}],"curies":[{"name":"wp","href":"https:\/\/api.w.org\/{rel}","templated":true}]}}